{"id":4023,"date":"2025-12-21T22:12:59","date_gmt":"2025-12-21T20:12:59","guid":{"rendered":"https:\/\/espressopapa.de\/?post_type=product&#038;p=4023"},"modified":"2025-12-21T22:27:49","modified_gmt":"2025-12-21T20:27:49","slug":"black-of-naples-copia","status":"publish","type":"product","link":"https:\/\/espressopapa.de\/de\/prodotto\/black-of-naples-copia\/","title":{"rendered":"Vesuvio"},"content":{"rendered":"<p><strong>Zutaten:<\/strong> ger\u00f6stete Kaffeebohnen<\/p>\n<p><strong>INTENSIT\u00c4T:<\/strong> 5\/5<br \/>\n<strong>AROMA:<\/strong> 5\/5<br \/>\n<strong>K\u00d6RPER:<\/strong> 5\/5<br \/>\n<strong>NACHGESCHMACK:<\/strong> 5\/5<br \/>\n<strong>S\u00c4URE:<\/strong> 0\/5<\/p>\n<p><em>Zu Empfehlen f\u00fcr Siebtr\u00e4germaschinen, Vollautomaten und Moka.<\/em><\/p>\n","protected":false},"excerpt":{"rendered":"<p>Erleben Sie die ganze Kraft des Vesuvs in einer Tasse. Espressopapa Vesuvio Intenso ist eine exklusive 100 % Robusta-Mischung, inspiriert von der vulkanischen Energie Neapels. Die Bohnen stammen aus den fruchtbaren Regionen Nicaragua (Fine Robusta) und Uganda (Giraf Robusta) \u2013 sorgf\u00e4ltig ger\u00f6stet, um maximale Intensit\u00e4t, F\u00fclle und Crema zu entfalten.<\/p>\n<p>Ein Espresso mit kr\u00e4ftigem K\u00f6rper, Noten von dunkler Schokolade und w\u00fcrziger S\u00fc\u00dfe, vollmundig und lang anhaltend im Geschmack. Perfekt f\u00fcr Liebhaber intensiver, cremiger Kaffees mit echter neapolitanischer Seele. Vesuvio Intenso \u2013 die vulkanische Kraft des echten Espresso.<\/p>\n","protected":false},"featured_media":3944,"comment_status":"open","ping_status":"closed","template":"","meta":{"site-sidebar-layout":"default","site-content-layout":"default","ast-site-content-layout":"default","site-content-style":"default","site-sidebar-style":"default","ast-global-header-display":"","ast-banner-title-visibility":"","ast-main-header-display":"","ast-hfb-above-header-display":"","ast-hfb-below-header-display":"","ast-hfb-mobile-header-display":"","site-post-title":"","ast-breadcrumbs-content":"","ast-featured-img":"","footer-sml-layout":"","ast-disable-related-posts":"","theme-transparent-header-meta":"default","adv-header-id-meta":"","stick-header-meta":"default","header-above-stick-meta":"","header-main-stick-meta":"","header-below-stick-meta":"","astra-migrate-meta-layouts":"set","ast-page-background-enabled":"default","ast-page-background-meta":{"desktop":{"background-color":"var(--ast-global-color-4)","background-image":"","background-repeat":"repeat","background-position":"center center","background-size":"auto","background-attachment":"scroll","background-type":"","background-media":"","overlay-type":"","overlay-color":"","overlay-opacity":"","overlay-gradient":""},"tablet":{"background-color":"","background-image":"","background-repeat":"repeat","background-position":"center center","background-size":"auto","background-attachment":"scroll","background-type":"","background-media":"","overlay-type":"","overlay-color":"","overlay-opacity":"","overlay-gradient":""},"mobile":{"background-color":"","background-image":"","background-repeat":"repeat","background-position":"center center","background-size":"auto","background-attachment":"scroll","background-type":"","background-media":"","overlay-type":"","overlay-color":"","overlay-opacity":"","overlay-gradient":""}},"ast-content-background-meta":{"desktop":{"background-color":"var(--ast-global-color-5)","background-image":"","background-repeat":"repeat","background-position":"center center","background-size":"auto","background-attachment":"scroll","background-type":"","background-media":"","overlay-type":"","overlay-color":"","overlay-opacity":"","overlay-gradient":""},"tablet":{"background-color":"var(--ast-global-color-5)","background-image":"","background-repeat":"repeat","background-position":"center center","background-size":"auto","background-attachment":"scroll","background-type":"","background-media":"","overlay-type":"","overlay-color":"","overlay-opacity":"","overlay-gradient":""},"mobile":{"background-color":"var(--ast-global-color-5)","background-image":"","background-repeat":"repeat","background-position":"center center","background-size":"auto","background-attachment":"scroll","background-type":"","background-media":"","overlay-type":"","overlay-color":"","overlay-opacity":"","overlay-gradient":""}}},"product_brand":[],"product_cat":[68],"product_tag":[58],"class_list":{"0":"post-4023","1":"product","2":"type-product","3":"status-publish","4":"has-post-thumbnail","6":"product_cat-kaffee","7":"product_tag-geroesteter-kaffee","8":"desktop-align-left","9":"tablet-align-left","10":"mobile-align-left","12":"first","13":"instock","14":"taxable","15":"shipping-taxable","16":"purchasable","17":"product-type-simple"},"yoast_head":"<!-- This site is optimized with the Yoast SEO plugin v27.4 - https:\/\/yoast.com\/product\/yoast-seo-wordpress\/ -->\n<title>Vesuvio - EspressoPap\u00e0 - Handwerklicher Kaffee | Hergestellt in Italien<\/title>\n<meta name=\"description\" content=\"R\u00f6stkaffee, ganze Bohnen. Unter Schutzatmosph\u00e4re verpackt. Mindestens haltbar bis: siehe Datum auf der Seite. Hergestellt in Italien. Herkunft des Kaffees: nicht-EU.\" \/>\n<meta name=\"robots\" content=\"index, follow, max-snippet:-1, max-image-preview:large, max-video-preview:-1\" \/>\n<link rel=\"canonical\" href=\"https:\/\/espressopapa.de\/de\/prodotto\/black-of-naples-copia\/\" \/>\n<meta property=\"og:locale\" content=\"de_DE\" \/>\n<meta property=\"og:type\" content=\"article\" \/>\n<meta property=\"og:title\" content=\"Black of Naples - EspressoPap\u00e0 - Handwerklicher Kaffee | Hergestellt in Italien\" \/>\n<meta property=\"og:description\" content=\"Schwarz von Neapel. Eine Mischung mit starkem Charakter und einh\u00fcllendem Geschmack, inspiriert von der Legende des \u201eSchwarzen von Neapel\u201c.\" \/>\n<meta property=\"og:url\" content=\"https:\/\/espressopapa.de\/de\/prodotto\/black-of-naples-copia\/\" \/>\n<meta property=\"og:site_name\" content=\"EspressoPap\u00e0\" \/>\n<meta property=\"article:modified_time\" content=\"2025-12-21T20:27:49+00:00\" \/>\n<meta property=\"og:image\" content=\"https:\/\/i0.wp.com\/espressopapa.de\/wp-content\/uploads\/2023\/03\/Black-of-Naples-Espressopapa.jpg?fit=1080%2C1080&ssl=1\" \/>\n\t<meta property=\"og:image:width\" content=\"1080\" \/>\n\t<meta property=\"og:image:height\" content=\"1080\" \/>\n\t<meta property=\"og:image:type\" content=\"image\/jpeg\" \/>\n<meta name=\"twitter:card\" content=\"summary_large_image\" \/>\n<meta name=\"twitter:label1\" content=\"Gesch\u00e4tzte Lesezeit\" \/>\n\t<meta name=\"twitter:data1\" content=\"1\u00a0Minute\" \/>\n<script type=\"application\/ld+json\" class=\"yoast-schema-graph\">{\"@context\":\"https:\\\/\\\/schema.org\",\"@graph\":[{\"@type\":\"WebPage\",\"@id\":\"https:\\\/\\\/espressopapa.de\\\/de\\\/prodotto\\\/black-of-naples-copia\\\/\",\"url\":\"https:\\\/\\\/espressopapa.de\\\/de\\\/prodotto\\\/black-of-naples-copia\\\/\",\"name\":\"Vesuvio - EspressoPap\u00e0 - Handwerklicher Kaffee | Hergestellt in Italien\",\"isPartOf\":{\"@id\":\"https:\\\/\\\/espressopapa.de\\\/de\\\/#website\"},\"primaryImageOfPage\":{\"@id\":\"https:\\\/\\\/espressopapa.de\\\/de\\\/prodotto\\\/black-of-naples-copia\\\/#primaryimage\"},\"image\":{\"@id\":\"https:\\\/\\\/espressopapa.de\\\/de\\\/prodotto\\\/black-of-naples-copia\\\/#primaryimage\"},\"thumbnailUrl\":\"https:\\\/\\\/i0.wp.com\\\/espressopapa.de\\\/wp-content\\\/uploads\\\/2025\\\/10\\\/espressopapa-vesuvio-1kg.webp?fit=1080%2C1080&ssl=1\",\"datePublished\":\"2025-12-21T20:12:59+00:00\",\"dateModified\":\"2025-12-21T20:27:49+00:00\",\"description\":\"R\u00f6stkaffee, ganze Bohnen. Unter Schutzatmosph\u00e4re verpackt. Mindestens haltbar bis: siehe Datum auf der Seite. Hergestellt in Italien. Herkunft des Kaffees: nicht-EU.\",\"breadcrumb\":{\"@id\":\"https:\\\/\\\/espressopapa.de\\\/de\\\/prodotto\\\/black-of-naples-copia\\\/#breadcrumb\"},\"inLanguage\":\"de\",\"potentialAction\":[{\"@type\":\"ReadAction\",\"target\":[\"https:\\\/\\\/espressopapa.de\\\/de\\\/prodotto\\\/black-of-naples-copia\\\/\"]}]},{\"@type\":\"ImageObject\",\"inLanguage\":\"de\",\"@id\":\"https:\\\/\\\/espressopapa.de\\\/de\\\/prodotto\\\/black-of-naples-copia\\\/#primaryimage\",\"url\":\"https:\\\/\\\/i0.wp.com\\\/espressopapa.de\\\/wp-content\\\/uploads\\\/2025\\\/10\\\/espressopapa-vesuvio-1kg.webp?fit=1080%2C1080&ssl=1\",\"contentUrl\":\"https:\\\/\\\/i0.wp.com\\\/espressopapa.de\\\/wp-content\\\/uploads\\\/2025\\\/10\\\/espressopapa-vesuvio-1kg.webp?fit=1080%2C1080&ssl=1\",\"width\":1080,\"height\":1080,\"caption\":\"pacco caffe espressopapa vesuvio intenso da 1kg\"},{\"@type\":\"BreadcrumbList\",\"@id\":\"https:\\\/\\\/espressopapa.de\\\/de\\\/prodotto\\\/black-of-naples-copia\\\/#breadcrumb\",\"itemListElement\":[{\"@type\":\"ListItem\",\"position\":1,\"name\":\"Home\",\"item\":\"https:\\\/\\\/espressopapa.de\\\/de\\\/\"},{\"@type\":\"ListItem\",\"position\":2,\"name\":\"Shop\",\"item\":\"https:\\\/\\\/espressopapa.de\\\/shop\\\/\"},{\"@type\":\"ListItem\",\"position\":3,\"name\":\"Vesuvio\"}]},{\"@type\":\"WebSite\",\"@id\":\"https:\\\/\\\/espressopapa.de\\\/de\\\/#website\",\"url\":\"https:\\\/\\\/espressopapa.de\\\/de\\\/\",\"name\":\"EspressoPap\u00e0\",\"description\":\"Artisan Coffee | Made in Italy\",\"publisher\":{\"@id\":\"https:\\\/\\\/espressopapa.de\\\/de\\\/#organization\"},\"potentialAction\":[{\"@type\":\"SearchAction\",\"target\":{\"@type\":\"EntryPoint\",\"urlTemplate\":\"https:\\\/\\\/espressopapa.de\\\/de\\\/?s={search_term_string}\"},\"query-input\":{\"@type\":\"PropertyValueSpecification\",\"valueRequired\":true,\"valueName\":\"search_term_string\"}}],\"inLanguage\":\"de\"},{\"@type\":\"Organization\",\"@id\":\"https:\\\/\\\/espressopapa.de\\\/de\\\/#organization\",\"name\":\"EspressoPap\u00e0\",\"url\":\"https:\\\/\\\/espressopapa.de\\\/de\\\/\",\"logo\":{\"@type\":\"ImageObject\",\"inLanguage\":\"de\",\"@id\":\"https:\\\/\\\/espressopapa.de\\\/de\\\/#\\\/schema\\\/logo\\\/image\\\/\",\"url\":\"https:\\\/\\\/espressopapa.de\\\/wp-content\\\/uploads\\\/2023\\\/03\\\/espressopapa-logo-bianco.svg\",\"contentUrl\":\"https:\\\/\\\/espressopapa.de\\\/wp-content\\\/uploads\\\/2023\\\/03\\\/espressopapa-logo-bianco.svg\",\"width\":245,\"height\":338,\"caption\":\"EspressoPap\u00e0\"},\"image\":{\"@id\":\"https:\\\/\\\/espressopapa.de\\\/de\\\/#\\\/schema\\\/logo\\\/image\\\/\"}}]}<\/script>\n<!-- \/ Yoast SEO plugin. -->","yoast_head_json":{"title":"Vesuvio - EspressoPap\u00e0 - Handwerklicher Kaffee | Hergestellt in Italien","description":"R\u00f6stkaffee, ganze Bohnen. Unter Schutzatmosph\u00e4re verpackt. Mindestens haltbar bis: siehe Datum auf der Seite. Hergestellt in Italien. Herkunft des Kaffees: nicht-EU.","robots":{"index":"index","follow":"follow","max-snippet":"max-snippet:-1","max-image-preview":"max-image-preview:large","max-video-preview":"max-video-preview:-1"},"canonical":"https:\/\/espressopapa.de\/de\/prodotto\/black-of-naples-copia\/","og_locale":"de_DE","og_type":"article","og_title":"Black of Naples - EspressoPap\u00e0 - Handwerklicher Kaffee | Hergestellt in Italien","og_description":"Schwarz von Neapel. Eine Mischung mit starkem Charakter und einh\u00fcllendem Geschmack, inspiriert von der Legende des \u201eSchwarzen von Neapel\u201c.","og_url":"https:\/\/espressopapa.de\/de\/prodotto\/black-of-naples-copia\/","og_site_name":"EspressoPap\u00e0","article_modified_time":"2025-12-21T20:27:49+00:00","og_image":[{"width":1080,"height":1080,"url":"https:\/\/i0.wp.com\/espressopapa.de\/wp-content\/uploads\/2023\/03\/Black-of-Naples-Espressopapa.jpg?fit=1080%2C1080&ssl=1","type":"image\/jpeg"}],"twitter_card":"summary_large_image","twitter_misc":{"Gesch\u00e4tzte Lesezeit":"1\u00a0Minute"},"schema":{"@context":"https:\/\/schema.org","@graph":[{"@type":"WebPage","@id":"https:\/\/espressopapa.de\/de\/prodotto\/black-of-naples-copia\/","url":"https:\/\/espressopapa.de\/de\/prodotto\/black-of-naples-copia\/","name":"Vesuvio - EspressoPap\u00e0 - Handwerklicher Kaffee | Hergestellt in Italien","isPartOf":{"@id":"https:\/\/espressopapa.de\/de\/#website"},"primaryImageOfPage":{"@id":"https:\/\/espressopapa.de\/de\/prodotto\/black-of-naples-copia\/#primaryimage"},"image":{"@id":"https:\/\/espressopapa.de\/de\/prodotto\/black-of-naples-copia\/#primaryimage"},"thumbnailUrl":"https:\/\/i0.wp.com\/espressopapa.de\/wp-content\/uploads\/2025\/10\/espressopapa-vesuvio-1kg.webp?fit=1080%2C1080&ssl=1","datePublished":"2025-12-21T20:12:59+00:00","dateModified":"2025-12-21T20:27:49+00:00","description":"R\u00f6stkaffee, ganze Bohnen. Unter Schutzatmosph\u00e4re verpackt. Mindestens haltbar bis: siehe Datum auf der Seite. Hergestellt in Italien. Herkunft des Kaffees: nicht-EU.","breadcrumb":{"@id":"https:\/\/espressopapa.de\/de\/prodotto\/black-of-naples-copia\/#breadcrumb"},"inLanguage":"de","potentialAction":[{"@type":"ReadAction","target":["https:\/\/espressopapa.de\/de\/prodotto\/black-of-naples-copia\/"]}]},{"@type":"ImageObject","inLanguage":"de","@id":"https:\/\/espressopapa.de\/de\/prodotto\/black-of-naples-copia\/#primaryimage","url":"https:\/\/i0.wp.com\/espressopapa.de\/wp-content\/uploads\/2025\/10\/espressopapa-vesuvio-1kg.webp?fit=1080%2C1080&ssl=1","contentUrl":"https:\/\/i0.wp.com\/espressopapa.de\/wp-content\/uploads\/2025\/10\/espressopapa-vesuvio-1kg.webp?fit=1080%2C1080&ssl=1","width":1080,"height":1080,"caption":"pacco caffe espressopapa vesuvio intenso da 1kg"},{"@type":"BreadcrumbList","@id":"https:\/\/espressopapa.de\/de\/prodotto\/black-of-naples-copia\/#breadcrumb","itemListElement":[{"@type":"ListItem","position":1,"name":"Home","item":"https:\/\/espressopapa.de\/de\/"},{"@type":"ListItem","position":2,"name":"Shop","item":"https:\/\/espressopapa.de\/shop\/"},{"@type":"ListItem","position":3,"name":"Vesuvio"}]},{"@type":"WebSite","@id":"https:\/\/espressopapa.de\/de\/#website","url":"https:\/\/espressopapa.de\/de\/","name":"EspressoPap\u00e0","description":"Artisan Coffee | Made in Italy","publisher":{"@id":"https:\/\/espressopapa.de\/de\/#organization"},"potentialAction":[{"@type":"SearchAction","target":{"@type":"EntryPoint","urlTemplate":"https:\/\/espressopapa.de\/de\/?s={search_term_string}"},"query-input":{"@type":"PropertyValueSpecification","valueRequired":true,"valueName":"search_term_string"}}],"inLanguage":"de"},{"@type":"Organization","@id":"https:\/\/espressopapa.de\/de\/#organization","name":"EspressoPap\u00e0","url":"https:\/\/espressopapa.de\/de\/","logo":{"@type":"ImageObject","inLanguage":"de","@id":"https:\/\/espressopapa.de\/de\/#\/schema\/logo\/image\/","url":"https:\/\/espressopapa.de\/wp-content\/uploads\/2023\/03\/espressopapa-logo-bianco.svg","contentUrl":"https:\/\/espressopapa.de\/wp-content\/uploads\/2023\/03\/espressopapa-logo-bianco.svg","width":245,"height":338,"caption":"EspressoPap\u00e0"},"image":{"@id":"https:\/\/espressopapa.de\/de\/#\/schema\/logo\/image\/"}}]}},"jetpack_sharing_enabled":true,"_links":{"self":[{"href":"https:\/\/espressopapa.de\/de\/wp-json\/wp\/v2\/product\/4023","targetHints":{"allow":["GET"]}}],"collection":[{"href":"https:\/\/espressopapa.de\/de\/wp-json\/wp\/v2\/product"}],"about":[{"href":"https:\/\/espressopapa.de\/de\/wp-json\/wp\/v2\/types\/product"}],"replies":[{"embeddable":true,"href":"https:\/\/espressopapa.de\/de\/wp-json\/wp\/v2\/comments?post=4023"}],"version-history":[{"count":1,"href":"https:\/\/espressopapa.de\/de\/wp-json\/wp\/v2\/product\/4023\/revisions"}],"predecessor-version":[{"id":4032,"href":"https:\/\/espressopapa.de\/de\/wp-json\/wp\/v2\/product\/4023\/revisions\/4032"}],"wp:featuredmedia":[{"embeddable":true,"href":"https:\/\/espressopapa.de\/de\/wp-json\/wp\/v2\/media\/3944"}],"wp:attachment":[{"href":"https:\/\/espressopapa.de\/de\/wp-json\/wp\/v2\/media?parent=4023"}],"wp:term":[{"taxonomy":"product_brand","embeddable":true,"href":"https:\/\/espressopapa.de\/de\/wp-json\/wp\/v2\/product_brand?post=4023"},{"taxonomy":"product_cat","embeddable":true,"href":"https:\/\/espressopapa.de\/de\/wp-json\/wp\/v2\/product_cat?post=4023"},{"taxonomy":"product_tag","embeddable":true,"href":"https:\/\/espressopapa.de\/de\/wp-json\/wp\/v2\/product_tag?post=4023"}],"curies":[{"name":"wp","href":"https:\/\/api.w.org\/{rel}","templated":true}]}}