{"id":3482,"date":"2024-07-16T10:31:19","date_gmt":"2024-07-16T08:31:19","guid":{"rendered":"https:\/\/espressopapa.de\/?post_type=product&#038;p=3482"},"modified":"2024-10-27T20:13:24","modified_gmt":"2024-10-27T18:13:24","slug":"extra-natives-olivenoel","status":"publish","type":"product","link":"https:\/\/espressopapa.de\/de\/prodotto\/extra-natives-olivenoel\/","title":{"rendered":"Extra natives Oliven\u00f6l"},"content":{"rendered":"<p><strong>Format:<\/strong> Flache<br \/>\n<strong>Fassungsverm\u00f6gen:<\/strong> 500 ml<\/p>\n","protected":false},"excerpt":{"rendered":"<p><strong>Extra natives Oliven\u00f6l der Spitzenklasse.<\/strong> Die Kaltpressung aus 100 % italienischem Ursprung verleiht ihm seinen unverwechselbaren ausgewogenen und fruchtigen Geschmack.<\/p>\n<p>Ideal zum rohen Verzehr zum Kochen, um jedem Gericht eine s\u00fc\u00dfe und nat\u00fcrliche Note zu verleihen, ohne den urspr\u00fcnglichen Geschmack des Gerichts zu \u00fcberdecken.<\/p>\n","protected":false},"featured_media":3490,"comment_status":"open","ping_status":"closed","template":"","meta":{"site-sidebar-layout":"default","site-content-layout":"","ast-site-content-layout":"default","site-content-style":"default","site-sidebar-style":"default","ast-global-header-display":"","ast-banner-title-visibility":"","ast-main-header-display":"","ast-hfb-above-header-display":"","ast-hfb-below-header-display":"","ast-hfb-mobile-header-display":"","site-post-title":"","ast-breadcrumbs-content":"","ast-featured-img":"","footer-sml-layout":"","ast-disable-related-posts":"","theme-transparent-header-meta":"default","adv-header-id-meta":"","stick-header-meta":"","header-above-stick-meta":"","header-main-stick-meta":"","header-below-stick-meta":"","astra-migrate-meta-layouts":"set","ast-page-background-enabled":"default","ast-page-background-meta":{"desktop":{"background-color":"var(--ast-global-color-4)","background-image":"","background-repeat":"repeat","background-position":"center center","background-size":"auto","background-attachment":"scroll","background-type":"","background-media":"","overlay-type":"","overlay-color":"","overlay-opacity":"","overlay-gradient":""},"tablet":{"background-color":"","background-image":"","background-repeat":"repeat","background-position":"center center","background-size":"auto","background-attachment":"scroll","background-type":"","background-media":"","overlay-type":"","overlay-color":"","overlay-opacity":"","overlay-gradient":""},"mobile":{"background-color":"","background-image":"","background-repeat":"repeat","background-position":"center center","background-size":"auto","background-attachment":"scroll","background-type":"","background-media":"","overlay-type":"","overlay-color":"","overlay-opacity":"","overlay-gradient":""}},"ast-content-background-meta":{"desktop":{"background-color":"var(--ast-global-color-5)","background-image":"","background-repeat":"repeat","background-position":"center center","background-size":"auto","background-attachment":"scroll","background-type":"","background-media":"","overlay-type":"","overlay-color":"","overlay-opacity":"","overlay-gradient":""},"tablet":{"background-color":"var(--ast-global-color-5)","background-image":"","background-repeat":"repeat","background-position":"center center","background-size":"auto","background-attachment":"scroll","background-type":"","background-media":"","overlay-type":"","overlay-color":"","overlay-opacity":"","overlay-gradient":""},"mobile":{"background-color":"var(--ast-global-color-5)","background-image":"","background-repeat":"repeat","background-position":"center center","background-size":"auto","background-attachment":"scroll","background-type":"","background-media":"","overlay-type":"","overlay-color":"","overlay-opacity":"","overlay-gradient":""}}},"product_brand":[],"product_cat":[104],"product_tag":[105],"class_list":{"0":"post-3482","1":"product","2":"type-product","3":"status-publish","4":"has-post-thumbnail","6":"product_cat-olio-italiano","7":"product_tag-oil-de","8":"desktop-align-left","9":"tablet-align-left","10":"mobile-align-left","12":"first","13":"instock","14":"taxable","15":"shipping-taxable","16":"purchasable","17":"product-type-simple"},"yoast_head":"<!-- This site is optimized with the Yoast SEO plugin v27.4 - https:\/\/yoast.com\/product\/yoast-seo-wordpress\/ -->\n<title>Extra natives Oliven\u00f6l - EspressoPap\u00e0<\/title>\n<meta name=\"description\" content=\"Extra natives Oliven\u00f6l der Spitzenklasse. Die Kaltpressung aus 100 % italienischem Ursprung verleiht ihm seinen unverwechselbaren ausgewogenen und fruchtigen Geschmack.\" \/>\n<meta name=\"robots\" content=\"index, follow, max-snippet:-1, max-image-preview:large, max-video-preview:-1\" \/>\n<link rel=\"canonical\" href=\"https:\/\/espressopapa.de\/de\/prodotto\/extra-natives-olivenoel\/\" \/>\n<meta property=\"og:locale\" content=\"de_DE\" \/>\n<meta property=\"og:type\" content=\"article\" \/>\n<meta property=\"og:title\" content=\"Extra natives Oliven\u00f6l - EspressoPap\u00e0\" \/>\n<meta property=\"og:description\" content=\"Extra natives Oliven\u00f6l der Spitzenklasse. Die Kaltpressung aus 100 % italienischem Ursprung verleiht ihm seinen unverwechselbaren ausgewogenen und fruchtigen Geschmack.\" \/>\n<meta property=\"og:url\" content=\"https:\/\/espressopapa.de\/de\/prodotto\/extra-natives-olivenoel\/\" \/>\n<meta property=\"og:site_name\" content=\"EspressoPap\u00e0\" \/>\n<meta property=\"article:modified_time\" content=\"2024-10-27T18:13:24+00:00\" \/>\n<meta property=\"og:image\" content=\"https:\/\/i0.wp.com\/espressopapa.de\/wp-content\/uploads\/2024\/07\/olio-extravergine-sessas-italian-quality-front.jpg?fit=1080%2C1080&ssl=1\" \/>\n\t<meta property=\"og:image:width\" content=\"1080\" \/>\n\t<meta property=\"og:image:height\" content=\"1080\" \/>\n\t<meta property=\"og:image:type\" content=\"image\/jpeg\" \/>\n<meta name=\"twitter:card\" content=\"summary_large_image\" \/>\n<meta name=\"twitter:label1\" content=\"Gesch\u00e4tzte Lesezeit\" \/>\n\t<meta name=\"twitter:data1\" content=\"1\u00a0Minute\" \/>\n<script type=\"application\/ld+json\" class=\"yoast-schema-graph\">{\"@context\":\"https:\\\/\\\/schema.org\",\"@graph\":[{\"@type\":\"WebPage\",\"@id\":\"https:\\\/\\\/espressopapa.de\\\/de\\\/prodotto\\\/extra-natives-olivenoel\\\/\",\"url\":\"https:\\\/\\\/espressopapa.de\\\/de\\\/prodotto\\\/extra-natives-olivenoel\\\/\",\"name\":\"Extra natives Oliven\u00f6l - EspressoPap\u00e0\",\"isPartOf\":{\"@id\":\"https:\\\/\\\/espressopapa.de\\\/de\\\/#website\"},\"primaryImageOfPage\":{\"@id\":\"https:\\\/\\\/espressopapa.de\\\/de\\\/prodotto\\\/extra-natives-olivenoel\\\/#primaryimage\"},\"image\":{\"@id\":\"https:\\\/\\\/espressopapa.de\\\/de\\\/prodotto\\\/extra-natives-olivenoel\\\/#primaryimage\"},\"thumbnailUrl\":\"https:\\\/\\\/i0.wp.com\\\/espressopapa.de\\\/wp-content\\\/uploads\\\/2024\\\/07\\\/olio-extravergine-sessas-italian-quality-front.jpg?fit=1080%2C1080&ssl=1\",\"datePublished\":\"2024-07-16T08:31:19+00:00\",\"dateModified\":\"2024-10-27T18:13:24+00:00\",\"description\":\"Extra natives Oliven\u00f6l der Spitzenklasse. Die Kaltpressung aus 100 % italienischem Ursprung verleiht ihm seinen unverwechselbaren ausgewogenen und fruchtigen Geschmack.\",\"breadcrumb\":{\"@id\":\"https:\\\/\\\/espressopapa.de\\\/de\\\/prodotto\\\/extra-natives-olivenoel\\\/#breadcrumb\"},\"inLanguage\":\"de\",\"potentialAction\":[{\"@type\":\"ReadAction\",\"target\":[\"https:\\\/\\\/espressopapa.de\\\/de\\\/prodotto\\\/extra-natives-olivenoel\\\/\"]}]},{\"@type\":\"ImageObject\",\"inLanguage\":\"de\",\"@id\":\"https:\\\/\\\/espressopapa.de\\\/de\\\/prodotto\\\/extra-natives-olivenoel\\\/#primaryimage\",\"url\":\"https:\\\/\\\/i0.wp.com\\\/espressopapa.de\\\/wp-content\\\/uploads\\\/2024\\\/07\\\/olio-extravergine-sessas-italian-quality-front.jpg?fit=1080%2C1080&ssl=1\",\"contentUrl\":\"https:\\\/\\\/i0.wp.com\\\/espressopapa.de\\\/wp-content\\\/uploads\\\/2024\\\/07\\\/olio-extravergine-sessas-italian-quality-front.jpg?fit=1080%2C1080&ssl=1\",\"width\":1080,\"height\":1080},{\"@type\":\"BreadcrumbList\",\"@id\":\"https:\\\/\\\/espressopapa.de\\\/de\\\/prodotto\\\/extra-natives-olivenoel\\\/#breadcrumb\",\"itemListElement\":[{\"@type\":\"ListItem\",\"position\":1,\"name\":\"Home\",\"item\":\"https:\\\/\\\/espressopapa.de\\\/de\\\/\"},{\"@type\":\"ListItem\",\"position\":2,\"name\":\"Shop\",\"item\":\"https:\\\/\\\/espressopapa.de\\\/shop\\\/\"},{\"@type\":\"ListItem\",\"position\":3,\"name\":\"Extra natives Oliven\u00f6l\"}]},{\"@type\":\"WebSite\",\"@id\":\"https:\\\/\\\/espressopapa.de\\\/de\\\/#website\",\"url\":\"https:\\\/\\\/espressopapa.de\\\/de\\\/\",\"name\":\"EspressoPap\u00e0\",\"description\":\"Artisan Coffee | Made in Italy\",\"publisher\":{\"@id\":\"https:\\\/\\\/espressopapa.de\\\/de\\\/#organization\"},\"potentialAction\":[{\"@type\":\"SearchAction\",\"target\":{\"@type\":\"EntryPoint\",\"urlTemplate\":\"https:\\\/\\\/espressopapa.de\\\/de\\\/?s={search_term_string}\"},\"query-input\":{\"@type\":\"PropertyValueSpecification\",\"valueRequired\":true,\"valueName\":\"search_term_string\"}}],\"inLanguage\":\"de\"},{\"@type\":\"Organization\",\"@id\":\"https:\\\/\\\/espressopapa.de\\\/de\\\/#organization\",\"name\":\"EspressoPap\u00e0\",\"url\":\"https:\\\/\\\/espressopapa.de\\\/de\\\/\",\"logo\":{\"@type\":\"ImageObject\",\"inLanguage\":\"de\",\"@id\":\"https:\\\/\\\/espressopapa.de\\\/de\\\/#\\\/schema\\\/logo\\\/image\\\/\",\"url\":\"https:\\\/\\\/espressopapa.de\\\/wp-content\\\/uploads\\\/2023\\\/03\\\/espressopapa-logo-bianco.svg\",\"contentUrl\":\"https:\\\/\\\/espressopapa.de\\\/wp-content\\\/uploads\\\/2023\\\/03\\\/espressopapa-logo-bianco.svg\",\"width\":245,\"height\":338,\"caption\":\"EspressoPap\u00e0\"},\"image\":{\"@id\":\"https:\\\/\\\/espressopapa.de\\\/de\\\/#\\\/schema\\\/logo\\\/image\\\/\"}}]}<\/script>\n<!-- \/ Yoast SEO plugin. -->","yoast_head_json":{"title":"Extra natives Oliven\u00f6l - EspressoPap\u00e0","description":"Extra natives Oliven\u00f6l der Spitzenklasse. Die Kaltpressung aus 100 % italienischem Ursprung verleiht ihm seinen unverwechselbaren ausgewogenen und fruchtigen Geschmack.","robots":{"index":"index","follow":"follow","max-snippet":"max-snippet:-1","max-image-preview":"max-image-preview:large","max-video-preview":"max-video-preview:-1"},"canonical":"https:\/\/espressopapa.de\/de\/prodotto\/extra-natives-olivenoel\/","og_locale":"de_DE","og_type":"article","og_title":"Extra natives Oliven\u00f6l - EspressoPap\u00e0","og_description":"Extra natives Oliven\u00f6l der Spitzenklasse. Die Kaltpressung aus 100 % italienischem Ursprung verleiht ihm seinen unverwechselbaren ausgewogenen und fruchtigen Geschmack.","og_url":"https:\/\/espressopapa.de\/de\/prodotto\/extra-natives-olivenoel\/","og_site_name":"EspressoPap\u00e0","article_modified_time":"2024-10-27T18:13:24+00:00","og_image":[{"width":1080,"height":1080,"url":"https:\/\/i0.wp.com\/espressopapa.de\/wp-content\/uploads\/2024\/07\/olio-extravergine-sessas-italian-quality-front.jpg?fit=1080%2C1080&ssl=1","type":"image\/jpeg"}],"twitter_card":"summary_large_image","twitter_misc":{"Gesch\u00e4tzte Lesezeit":"1\u00a0Minute"},"schema":{"@context":"https:\/\/schema.org","@graph":[{"@type":"WebPage","@id":"https:\/\/espressopapa.de\/de\/prodotto\/extra-natives-olivenoel\/","url":"https:\/\/espressopapa.de\/de\/prodotto\/extra-natives-olivenoel\/","name":"Extra natives Oliven\u00f6l - EspressoPap\u00e0","isPartOf":{"@id":"https:\/\/espressopapa.de\/de\/#website"},"primaryImageOfPage":{"@id":"https:\/\/espressopapa.de\/de\/prodotto\/extra-natives-olivenoel\/#primaryimage"},"image":{"@id":"https:\/\/espressopapa.de\/de\/prodotto\/extra-natives-olivenoel\/#primaryimage"},"thumbnailUrl":"https:\/\/i0.wp.com\/espressopapa.de\/wp-content\/uploads\/2024\/07\/olio-extravergine-sessas-italian-quality-front.jpg?fit=1080%2C1080&ssl=1","datePublished":"2024-07-16T08:31:19+00:00","dateModified":"2024-10-27T18:13:24+00:00","description":"Extra natives Oliven\u00f6l der Spitzenklasse. Die Kaltpressung aus 100 % italienischem Ursprung verleiht ihm seinen unverwechselbaren ausgewogenen und fruchtigen Geschmack.","breadcrumb":{"@id":"https:\/\/espressopapa.de\/de\/prodotto\/extra-natives-olivenoel\/#breadcrumb"},"inLanguage":"de","potentialAction":[{"@type":"ReadAction","target":["https:\/\/espressopapa.de\/de\/prodotto\/extra-natives-olivenoel\/"]}]},{"@type":"ImageObject","inLanguage":"de","@id":"https:\/\/espressopapa.de\/de\/prodotto\/extra-natives-olivenoel\/#primaryimage","url":"https:\/\/i0.wp.com\/espressopapa.de\/wp-content\/uploads\/2024\/07\/olio-extravergine-sessas-italian-quality-front.jpg?fit=1080%2C1080&ssl=1","contentUrl":"https:\/\/i0.wp.com\/espressopapa.de\/wp-content\/uploads\/2024\/07\/olio-extravergine-sessas-italian-quality-front.jpg?fit=1080%2C1080&ssl=1","width":1080,"height":1080},{"@type":"BreadcrumbList","@id":"https:\/\/espressopapa.de\/de\/prodotto\/extra-natives-olivenoel\/#breadcrumb","itemListElement":[{"@type":"ListItem","position":1,"name":"Home","item":"https:\/\/espressopapa.de\/de\/"},{"@type":"ListItem","position":2,"name":"Shop","item":"https:\/\/espressopapa.de\/shop\/"},{"@type":"ListItem","position":3,"name":"Extra natives Oliven\u00f6l"}]},{"@type":"WebSite","@id":"https:\/\/espressopapa.de\/de\/#website","url":"https:\/\/espressopapa.de\/de\/","name":"EspressoPap\u00e0","description":"Artisan Coffee | Made in Italy","publisher":{"@id":"https:\/\/espressopapa.de\/de\/#organization"},"potentialAction":[{"@type":"SearchAction","target":{"@type":"EntryPoint","urlTemplate":"https:\/\/espressopapa.de\/de\/?s={search_term_string}"},"query-input":{"@type":"PropertyValueSpecification","valueRequired":true,"valueName":"search_term_string"}}],"inLanguage":"de"},{"@type":"Organization","@id":"https:\/\/espressopapa.de\/de\/#organization","name":"EspressoPap\u00e0","url":"https:\/\/espressopapa.de\/de\/","logo":{"@type":"ImageObject","inLanguage":"de","@id":"https:\/\/espressopapa.de\/de\/#\/schema\/logo\/image\/","url":"https:\/\/espressopapa.de\/wp-content\/uploads\/2023\/03\/espressopapa-logo-bianco.svg","contentUrl":"https:\/\/espressopapa.de\/wp-content\/uploads\/2023\/03\/espressopapa-logo-bianco.svg","width":245,"height":338,"caption":"EspressoPap\u00e0"},"image":{"@id":"https:\/\/espressopapa.de\/de\/#\/schema\/logo\/image\/"}}]}},"jetpack_sharing_enabled":true,"_links":{"self":[{"href":"https:\/\/espressopapa.de\/de\/wp-json\/wp\/v2\/product\/3482","targetHints":{"allow":["GET"]}}],"collection":[{"href":"https:\/\/espressopapa.de\/de\/wp-json\/wp\/v2\/product"}],"about":[{"href":"https:\/\/espressopapa.de\/de\/wp-json\/wp\/v2\/types\/product"}],"replies":[{"embeddable":true,"href":"https:\/\/espressopapa.de\/de\/wp-json\/wp\/v2\/comments?post=3482"}],"version-history":[{"count":1,"href":"https:\/\/espressopapa.de\/de\/wp-json\/wp\/v2\/product\/3482\/revisions"}],"predecessor-version":[{"id":3485,"href":"https:\/\/espressopapa.de\/de\/wp-json\/wp\/v2\/product\/3482\/revisions\/3485"}],"wp:featuredmedia":[{"embeddable":true,"href":"https:\/\/espressopapa.de\/de\/wp-json\/wp\/v2\/media\/3490"}],"wp:attachment":[{"href":"https:\/\/espressopapa.de\/de\/wp-json\/wp\/v2\/media?parent=3482"}],"wp:term":[{"taxonomy":"product_brand","embeddable":true,"href":"https:\/\/espressopapa.de\/de\/wp-json\/wp\/v2\/product_brand?post=3482"},{"taxonomy":"product_cat","embeddable":true,"href":"https:\/\/espressopapa.de\/de\/wp-json\/wp\/v2\/product_cat?post=3482"},{"taxonomy":"product_tag","embeddable":true,"href":"https:\/\/espressopapa.de\/de\/wp-json\/wp\/v2\/product_tag?post=3482"}],"curies":[{"name":"wp","href":"https:\/\/api.w.org\/{rel}","templated":true}]}}