{"id":3158,"date":"2024-03-11T12:46:52","date_gmt":"2024-03-11T10:46:52","guid":{"rendered":"https:\/\/espressopapa.de\/product\/pistacchio-cream\/"},"modified":"2024-10-27T20:14:44","modified_gmt":"2024-10-27T18:14:44","slug":"pistacchio-cream","status":"publish","type":"product","link":"https:\/\/espressopapa.de\/de\/prodotto\/pistacchio-cream\/","title":{"rendered":"Pistaziencreme"},"content":{"rendered":"<p><strong>Geruch<\/strong><br \/>\nEs duftet nach einem durchdringenden Aroma von Pistazien und einer zarten Mandelnote.<\/p>\n<p><strong>Schmecken<\/strong><br \/>\nWeich, rund, zart und bet\u00f6rend, verw\u00f6hnt er den Gaumen mit seinem kr\u00e4ftigen und originellen Pistaziengeschmack.<\/p>\n<p><strong>Passt zu<\/strong><br \/>\nDank seines moderaten Alkoholgehalts wird er besonders zur Versu\u0308\u00dfung des Gaumens gesch\u00e4tzt, wenn er kalt nicht nur am Ende einer Mahlzeit, sondern auch zu jeder Tageszeit serviert wird. Es kann eine schmackhafte Zutat fu\u0308r die Zubereitung k\u00f6stlicher Cocktails darstellen und eignet sich hervorragend zum Dekorieren und Vervollst\u00e4ndigen von Panna Cotta, trockenem und frischem Geb\u00e4ck, L\u00f6ffeldesserts und Eiscremes, die durch seine alkoholische Note bereichert werden.<\/p>\n","protected":false},"excerpt":{"rendered":"<p>Es handelt sich um einen cremigen Lik\u00f6r, angenehm su\u0308\u00df und mit moderatem Alkoholgehalt, der sich durch ein intensives Pistazienaroma auszeichnet. Pistazien werden aus einer im Nahen Osten beheimateten Pflanze hergestellt, die an den H\u00e4ngen des \u00c4tna, dem gro\u00dfen sizilianischen Vulkan, spontan und u\u0308ppig w\u00e4chst, und sind seit jeher fu\u0308r ihre ern\u00e4hrungsphysiologischen Eigenschaften bekannt.<\/p>\n<p>Durch die traditionelle Raffinierung ausschlie\u00dflich sizilianischer Pistazien entsteht eine Paste, die alle wertvollen organoleptischen Eigenschaften dieser Frucht beibeh\u00e4lt. Durch das geschickte Mischen dieser Paste mit Alkohol, Wasser und Zucker entsteht ein cremiger, runder und umhu\u0308llender Lik\u00f6r mit einem intensiven und berauschenden Aroma sizilianischer Pistazien. Die Zugabe von Grappa verleiht diesem Produkt den letzten Schliff und ein unverwechselbares Aroma.<\/p>\n","protected":false},"featured_media":3141,"comment_status":"open","ping_status":"closed","template":"","meta":{"site-sidebar-layout":"default","site-content-layout":"","ast-site-content-layout":"default","site-content-style":"default","site-sidebar-style":"default","ast-global-header-display":"","ast-banner-title-visibility":"","ast-main-header-display":"","ast-hfb-above-header-display":"","ast-hfb-below-header-display":"","ast-hfb-mobile-header-display":"","site-post-title":"","ast-breadcrumbs-content":"","ast-featured-img":"","footer-sml-layout":"","ast-disable-related-posts":"","theme-transparent-header-meta":"default","adv-header-id-meta":"","stick-header-meta":"","header-above-stick-meta":"","header-main-stick-meta":"","header-below-stick-meta":"","astra-migrate-meta-layouts":"set","ast-page-background-enabled":"default","ast-page-background-meta":{"desktop":{"background-color":"var(--ast-global-color-4)","background-image":"","background-repeat":"repeat","background-position":"center center","background-size":"auto","background-attachment":"scroll","background-type":"","background-media":"","overlay-type":"","overlay-color":"","overlay-opacity":"","overlay-gradient":""},"tablet":{"background-color":"","background-image":"","background-repeat":"repeat","background-position":"center center","background-size":"auto","background-attachment":"scroll","background-type":"","background-media":"","overlay-type":"","overlay-color":"","overlay-opacity":"","overlay-gradient":""},"mobile":{"background-color":"","background-image":"","background-repeat":"repeat","background-position":"center center","background-size":"auto","background-attachment":"scroll","background-type":"","background-media":"","overlay-type":"","overlay-color":"","overlay-opacity":"","overlay-gradient":""}},"ast-content-background-meta":{"desktop":{"background-color":"var(--ast-global-color-5)","background-image":"","background-repeat":"repeat","background-position":"center center","background-size":"auto","background-attachment":"scroll","background-type":"","background-media":"","overlay-type":"","overlay-color":"","overlay-opacity":"","overlay-gradient":""},"tablet":{"background-color":"var(--ast-global-color-5)","background-image":"","background-repeat":"repeat","background-position":"center center","background-size":"auto","background-attachment":"scroll","background-type":"","background-media":"","overlay-type":"","overlay-color":"","overlay-opacity":"","overlay-gradient":""},"mobile":{"background-color":"var(--ast-global-color-5)","background-image":"","background-repeat":"repeat","background-position":"center center","background-size":"auto","background-attachment":"scroll","background-type":"","background-media":"","overlay-type":"","overlay-color":"","overlay-opacity":"","overlay-gradient":""}}},"product_brand":[],"product_cat":[96],"product_tag":[99,100],"class_list":{"0":"post-3158","1":"product","2":"type-product","3":"status-publish","4":"has-post-thumbnail","6":"product_cat-likoer-creme","7":"product_tag-cream-de","8":"product_tag-liqueur-de","9":"desktop-align-left","10":"tablet-align-left","11":"mobile-align-left","13":"first","14":"instock","15":"taxable","16":"shipping-taxable","17":"purchasable","18":"product-type-simple"},"yoast_head":"<!-- This site is optimized with the Yoast SEO plugin v27.4 - https:\/\/yoast.com\/product\/yoast-seo-wordpress\/ -->\n<title>Pistaziencreme - EspressoPap\u00e0<\/title>\n<meta name=\"description\" content=\"Es handelt sich um einen cremigen Lik\u00f6r, angenehm su\u0308\u00df und mit moderatem Alkoholgehalt, der sich durch ein intensives Pistazienaroma auszeichnet.\" \/>\n<meta name=\"robots\" content=\"index, follow, max-snippet:-1, max-image-preview:large, max-video-preview:-1\" \/>\n<link rel=\"canonical\" href=\"https:\/\/espressopapa.de\/de\/prodotto\/pistacchio-cream\/\" \/>\n<meta property=\"og:locale\" content=\"de_DE\" \/>\n<meta property=\"og:type\" content=\"article\" \/>\n<meta property=\"og:title\" content=\"Pistaziencreme - EspressoPap\u00e0\" \/>\n<meta property=\"og:description\" content=\"Es handelt sich um einen cremigen Lik\u00f6r, angenehm su\u0308\u00df und mit moderatem Alkoholgehalt, der sich durch ein intensives Pistazienaroma auszeichnet.\" \/>\n<meta property=\"og:url\" content=\"https:\/\/espressopapa.de\/de\/prodotto\/pistacchio-cream\/\" \/>\n<meta property=\"og:site_name\" content=\"EspressoPap\u00e0\" \/>\n<meta property=\"article:modified_time\" content=\"2024-10-27T18:14:44+00:00\" \/>\n<meta property=\"og:image\" content=\"https:\/\/i0.wp.com\/espressopapa.de\/wp-content\/uploads\/2024\/03\/pistacchio-bottega.jpg?fit=1080%2C1080&ssl=1\" \/>\n\t<meta property=\"og:image:width\" content=\"1080\" \/>\n\t<meta property=\"og:image:height\" content=\"1080\" \/>\n\t<meta property=\"og:image:type\" content=\"image\/jpeg\" \/>\n<meta name=\"twitter:card\" content=\"summary_large_image\" \/>\n<meta name=\"twitter:label1\" content=\"Gesch\u00e4tzte Lesezeit\" \/>\n\t<meta name=\"twitter:data1\" content=\"1\u00a0Minute\" \/>\n<script type=\"application\/ld+json\" class=\"yoast-schema-graph\">{\"@context\":\"https:\\\/\\\/schema.org\",\"@graph\":[{\"@type\":\"WebPage\",\"@id\":\"https:\\\/\\\/espressopapa.de\\\/de\\\/prodotto\\\/pistacchio-cream\\\/\",\"url\":\"https:\\\/\\\/espressopapa.de\\\/de\\\/prodotto\\\/pistacchio-cream\\\/\",\"name\":\"Pistaziencreme - EspressoPap\u00e0\",\"isPartOf\":{\"@id\":\"https:\\\/\\\/espressopapa.de\\\/de\\\/#website\"},\"primaryImageOfPage\":{\"@id\":\"https:\\\/\\\/espressopapa.de\\\/de\\\/prodotto\\\/pistacchio-cream\\\/#primaryimage\"},\"image\":{\"@id\":\"https:\\\/\\\/espressopapa.de\\\/de\\\/prodotto\\\/pistacchio-cream\\\/#primaryimage\"},\"thumbnailUrl\":\"https:\\\/\\\/i0.wp.com\\\/espressopapa.de\\\/wp-content\\\/uploads\\\/2024\\\/03\\\/pistacchio-bottega.jpg?fit=1080%2C1080&ssl=1\",\"datePublished\":\"2024-03-11T10:46:52+00:00\",\"dateModified\":\"2024-10-27T18:14:44+00:00\",\"description\":\"Es handelt sich um einen cremigen Lik\u00f6r, angenehm su\u0308\u00df und mit moderatem Alkoholgehalt, der sich durch ein intensives Pistazienaroma auszeichnet.\",\"breadcrumb\":{\"@id\":\"https:\\\/\\\/espressopapa.de\\\/de\\\/prodotto\\\/pistacchio-cream\\\/#breadcrumb\"},\"inLanguage\":\"de\",\"potentialAction\":[{\"@type\":\"ReadAction\",\"target\":[\"https:\\\/\\\/espressopapa.de\\\/de\\\/prodotto\\\/pistacchio-cream\\\/\"]}]},{\"@type\":\"ImageObject\",\"inLanguage\":\"de\",\"@id\":\"https:\\\/\\\/espressopapa.de\\\/de\\\/prodotto\\\/pistacchio-cream\\\/#primaryimage\",\"url\":\"https:\\\/\\\/i0.wp.com\\\/espressopapa.de\\\/wp-content\\\/uploads\\\/2024\\\/03\\\/pistacchio-bottega.jpg?fit=1080%2C1080&ssl=1\",\"contentUrl\":\"https:\\\/\\\/i0.wp.com\\\/espressopapa.de\\\/wp-content\\\/uploads\\\/2024\\\/03\\\/pistacchio-bottega.jpg?fit=1080%2C1080&ssl=1\",\"width\":1080,\"height\":1080},{\"@type\":\"BreadcrumbList\",\"@id\":\"https:\\\/\\\/espressopapa.de\\\/de\\\/prodotto\\\/pistacchio-cream\\\/#breadcrumb\",\"itemListElement\":[{\"@type\":\"ListItem\",\"position\":1,\"name\":\"Home\",\"item\":\"https:\\\/\\\/espressopapa.de\\\/de\\\/\"},{\"@type\":\"ListItem\",\"position\":2,\"name\":\"Shop\",\"item\":\"https:\\\/\\\/espressopapa.de\\\/shop\\\/\"},{\"@type\":\"ListItem\",\"position\":3,\"name\":\"Pistaziencreme\"}]},{\"@type\":\"WebSite\",\"@id\":\"https:\\\/\\\/espressopapa.de\\\/de\\\/#website\",\"url\":\"https:\\\/\\\/espressopapa.de\\\/de\\\/\",\"name\":\"EspressoPap\u00e0\",\"description\":\"Artisan Coffee | Made in Italy\",\"publisher\":{\"@id\":\"https:\\\/\\\/espressopapa.de\\\/de\\\/#organization\"},\"potentialAction\":[{\"@type\":\"SearchAction\",\"target\":{\"@type\":\"EntryPoint\",\"urlTemplate\":\"https:\\\/\\\/espressopapa.de\\\/de\\\/?s={search_term_string}\"},\"query-input\":{\"@type\":\"PropertyValueSpecification\",\"valueRequired\":true,\"valueName\":\"search_term_string\"}}],\"inLanguage\":\"de\"},{\"@type\":\"Organization\",\"@id\":\"https:\\\/\\\/espressopapa.de\\\/de\\\/#organization\",\"name\":\"EspressoPap\u00e0\",\"url\":\"https:\\\/\\\/espressopapa.de\\\/de\\\/\",\"logo\":{\"@type\":\"ImageObject\",\"inLanguage\":\"de\",\"@id\":\"https:\\\/\\\/espressopapa.de\\\/de\\\/#\\\/schema\\\/logo\\\/image\\\/\",\"url\":\"https:\\\/\\\/espressopapa.de\\\/wp-content\\\/uploads\\\/2023\\\/03\\\/espressopapa-logo-bianco.svg\",\"contentUrl\":\"https:\\\/\\\/espressopapa.de\\\/wp-content\\\/uploads\\\/2023\\\/03\\\/espressopapa-logo-bianco.svg\",\"width\":245,\"height\":338,\"caption\":\"EspressoPap\u00e0\"},\"image\":{\"@id\":\"https:\\\/\\\/espressopapa.de\\\/de\\\/#\\\/schema\\\/logo\\\/image\\\/\"}}]}<\/script>\n<!-- \/ Yoast SEO plugin. -->","yoast_head_json":{"title":"Pistaziencreme - EspressoPap\u00e0","description":"Es handelt sich um einen cremigen Lik\u00f6r, angenehm su\u0308\u00df und mit moderatem Alkoholgehalt, der sich durch ein intensives Pistazienaroma auszeichnet.","robots":{"index":"index","follow":"follow","max-snippet":"max-snippet:-1","max-image-preview":"max-image-preview:large","max-video-preview":"max-video-preview:-1"},"canonical":"https:\/\/espressopapa.de\/de\/prodotto\/pistacchio-cream\/","og_locale":"de_DE","og_type":"article","og_title":"Pistaziencreme - EspressoPap\u00e0","og_description":"Es handelt sich um einen cremigen Lik\u00f6r, angenehm su\u0308\u00df und mit moderatem Alkoholgehalt, der sich durch ein intensives Pistazienaroma auszeichnet.","og_url":"https:\/\/espressopapa.de\/de\/prodotto\/pistacchio-cream\/","og_site_name":"EspressoPap\u00e0","article_modified_time":"2024-10-27T18:14:44+00:00","og_image":[{"width":1080,"height":1080,"url":"https:\/\/i0.wp.com\/espressopapa.de\/wp-content\/uploads\/2024\/03\/pistacchio-bottega.jpg?fit=1080%2C1080&ssl=1","type":"image\/jpeg"}],"twitter_card":"summary_large_image","twitter_misc":{"Gesch\u00e4tzte Lesezeit":"1\u00a0Minute"},"schema":{"@context":"https:\/\/schema.org","@graph":[{"@type":"WebPage","@id":"https:\/\/espressopapa.de\/de\/prodotto\/pistacchio-cream\/","url":"https:\/\/espressopapa.de\/de\/prodotto\/pistacchio-cream\/","name":"Pistaziencreme - EspressoPap\u00e0","isPartOf":{"@id":"https:\/\/espressopapa.de\/de\/#website"},"primaryImageOfPage":{"@id":"https:\/\/espressopapa.de\/de\/prodotto\/pistacchio-cream\/#primaryimage"},"image":{"@id":"https:\/\/espressopapa.de\/de\/prodotto\/pistacchio-cream\/#primaryimage"},"thumbnailUrl":"https:\/\/i0.wp.com\/espressopapa.de\/wp-content\/uploads\/2024\/03\/pistacchio-bottega.jpg?fit=1080%2C1080&ssl=1","datePublished":"2024-03-11T10:46:52+00:00","dateModified":"2024-10-27T18:14:44+00:00","description":"Es handelt sich um einen cremigen Lik\u00f6r, angenehm su\u0308\u00df und mit moderatem Alkoholgehalt, der sich durch ein intensives Pistazienaroma auszeichnet.","breadcrumb":{"@id":"https:\/\/espressopapa.de\/de\/prodotto\/pistacchio-cream\/#breadcrumb"},"inLanguage":"de","potentialAction":[{"@type":"ReadAction","target":["https:\/\/espressopapa.de\/de\/prodotto\/pistacchio-cream\/"]}]},{"@type":"ImageObject","inLanguage":"de","@id":"https:\/\/espressopapa.de\/de\/prodotto\/pistacchio-cream\/#primaryimage","url":"https:\/\/i0.wp.com\/espressopapa.de\/wp-content\/uploads\/2024\/03\/pistacchio-bottega.jpg?fit=1080%2C1080&ssl=1","contentUrl":"https:\/\/i0.wp.com\/espressopapa.de\/wp-content\/uploads\/2024\/03\/pistacchio-bottega.jpg?fit=1080%2C1080&ssl=1","width":1080,"height":1080},{"@type":"BreadcrumbList","@id":"https:\/\/espressopapa.de\/de\/prodotto\/pistacchio-cream\/#breadcrumb","itemListElement":[{"@type":"ListItem","position":1,"name":"Home","item":"https:\/\/espressopapa.de\/de\/"},{"@type":"ListItem","position":2,"name":"Shop","item":"https:\/\/espressopapa.de\/shop\/"},{"@type":"ListItem","position":3,"name":"Pistaziencreme"}]},{"@type":"WebSite","@id":"https:\/\/espressopapa.de\/de\/#website","url":"https:\/\/espressopapa.de\/de\/","name":"EspressoPap\u00e0","description":"Artisan Coffee | Made in Italy","publisher":{"@id":"https:\/\/espressopapa.de\/de\/#organization"},"potentialAction":[{"@type":"SearchAction","target":{"@type":"EntryPoint","urlTemplate":"https:\/\/espressopapa.de\/de\/?s={search_term_string}"},"query-input":{"@type":"PropertyValueSpecification","valueRequired":true,"valueName":"search_term_string"}}],"inLanguage":"de"},{"@type":"Organization","@id":"https:\/\/espressopapa.de\/de\/#organization","name":"EspressoPap\u00e0","url":"https:\/\/espressopapa.de\/de\/","logo":{"@type":"ImageObject","inLanguage":"de","@id":"https:\/\/espressopapa.de\/de\/#\/schema\/logo\/image\/","url":"https:\/\/espressopapa.de\/wp-content\/uploads\/2023\/03\/espressopapa-logo-bianco.svg","contentUrl":"https:\/\/espressopapa.de\/wp-content\/uploads\/2023\/03\/espressopapa-logo-bianco.svg","width":245,"height":338,"caption":"EspressoPap\u00e0"},"image":{"@id":"https:\/\/espressopapa.de\/de\/#\/schema\/logo\/image\/"}}]}},"jetpack_sharing_enabled":true,"_links":{"self":[{"href":"https:\/\/espressopapa.de\/de\/wp-json\/wp\/v2\/product\/3158","targetHints":{"allow":["GET"]}}],"collection":[{"href":"https:\/\/espressopapa.de\/de\/wp-json\/wp\/v2\/product"}],"about":[{"href":"https:\/\/espressopapa.de\/de\/wp-json\/wp\/v2\/types\/product"}],"replies":[{"embeddable":true,"href":"https:\/\/espressopapa.de\/de\/wp-json\/wp\/v2\/comments?post=3158"}],"version-history":[{"count":4,"href":"https:\/\/espressopapa.de\/de\/wp-json\/wp\/v2\/product\/3158\/revisions"}],"predecessor-version":[{"id":3223,"href":"https:\/\/espressopapa.de\/de\/wp-json\/wp\/v2\/product\/3158\/revisions\/3223"}],"wp:featuredmedia":[{"embeddable":true,"href":"https:\/\/espressopapa.de\/de\/wp-json\/wp\/v2\/media\/3141"}],"wp:attachment":[{"href":"https:\/\/espressopapa.de\/de\/wp-json\/wp\/v2\/media?parent=3158"}],"wp:term":[{"taxonomy":"product_brand","embeddable":true,"href":"https:\/\/espressopapa.de\/de\/wp-json\/wp\/v2\/product_brand?post=3158"},{"taxonomy":"product_cat","embeddable":true,"href":"https:\/\/espressopapa.de\/de\/wp-json\/wp\/v2\/product_cat?post=3158"},{"taxonomy":"product_tag","embeddable":true,"href":"https:\/\/espressopapa.de\/de\/wp-json\/wp\/v2\/product_tag?post=3158"}],"curies":[{"name":"wp","href":"https:\/\/api.w.org\/{rel}","templated":true}]}}