{"id":3157,"date":"2024-03-11T12:48:09","date_gmt":"2024-03-11T10:48:09","guid":{"rendered":"https:\/\/espressopapa.de\/product\/espresso-cream\/"},"modified":"2024-10-27T20:14:49","modified_gmt":"2024-10-27T18:14:49","slug":"espresso-cream","status":"publish","type":"product","link":"https:\/\/espressopapa.de\/de\/prodotto\/espresso-cream\/","title":{"rendered":"Espresso Lik\u00f6r"},"content":{"rendered":"<p><strong>Geruch<\/strong><br \/>\nES duftete nach einer zarten fruchtigen Noten von Pfirsich und Aprikose, typisch fu\u0308r \u00e4thiopische Kaffees, die dann einem intensiven Mokka-Aroma weichen und mit einer dezenten Schokoladennote abrunden.<\/p>\n<p><strong>Schmecken<\/strong><br \/>\nGaumenschmaus mit einem tiefen und anhaltenden Aroma von Mokkakaffee und einer ausgewogenen Su\u0308\u00dfe, die die zarten gru\u0308nen Noten am Ende unterstu\u0308tzt, die insbesondere auf die Sorte Djmmah zuru\u0308ckzufu\u0308hren sind.<\/p>\n<p><strong>Passt zu<\/strong><br \/>\nIdeal zum Genie\u00dfen nach dem Essen, um den Gaumen zu versu\u0308\u00dfen, pur oder mit Eis, ist es eine ausgezeichnete Zutat fu\u0308r die Zubereitung von Cocktails. Es passt zu Kaffeedesserts und trockenem Geb\u00e4ck und verleiht Ihrem Tiramisu eine \u201ealkoholische\u201c Note.<\/p>\n","protected":false},"excerpt":{"rendered":"<p>Kaffeelik\u00f6r hat eine lange Geschichte, die bis in die Zeit der Vereinigung Italiens zuru\u0308ckreicht. Mit seinen intensiven Aromen und seinem kr\u00e4ftigen Geschmack trifft er seit jeher den Geschmack der Verbraucher und ist einer der am meisten gesch\u00e4tzten und gefragtesten Lik\u00f6re.<\/p>\n<p>Espresso Bottega l\u00e4sst sich von dieser langen Tradition inspirieren und ist dank der sorgf\u00e4ltigen Auswahl der Rohstoffe und ihrer fachm\u00e4nnischen Mischung raffiniert, faszinierend und einladend. Kaffee ist eine Pflanze der Gattung Coffea und umfasst etwa 90 Arten kleiner B\u00e4ume und Str\u00e4ucher aus der Familie der Rubiaceae. Die Heimat des Kaffees ist die Bergregion \u00c4thiopiens in Ostafrika, wo die Sorte Arabica angebaut wird, die wertvollste und empfindlichste Sorte, die 70-75 % der Weltproduktion ausmacht.<\/p>\n<p>Mit anerkannten antioxidativen Eigenschaften ist Kaffee reich an N\u00e4hrstoffen und hat eine anregende und belebende Wirkung. Espresso Bottega wird ausschlie\u00dflich aus in \u00c4thiopien angebautem Arabica-Kaffee der Sorten Sidamo und Djmmah hergestellt.<\/p>\n<p>Qualit\u00e4t, Charakter und Pers\u00f6nlichkeit dieses Lik\u00f6rs h\u00e4ngen nicht nur von der Qualit\u00e4t der Rohstoffe ab, sondern auch von den drei unterschiedlichen R\u00f6starten und den drei unterschiedlichen Extraktionsmethoden der aromatischen Komponente: hei\u00dfer Aufguss, der Ihnen einen Hauch von \u201eMokka\u201c verleiht Kalter Aufguss, der Finesse verleiht und die Sorteneigenschaften hervorhebt der klassische hydroalkoholische Aufguss, der dem Produkt mehr K\u00f6rper und Struktur verleiht. So werden drei Fraktionen erhalten, die gemischt werden, um einen Lik\u00f6r mit vielf\u00e4ltigen sensorischen Nuancen zu ergeben, der durch den Reichtum und die Intensit\u00e4t der Aromen und durch die Komplexit\u00e4t seines kr\u00e4ftigen Geschmacks fasziniert. Vor der Filtration und Abfu\u0308llung wird ein kleiner Prozentsatz Grappa hinzugefu\u0308gt, um das fu\u0308r die venezianische Tradition typische Ritual des \u201eResentin\u201c zu wu\u0308rdigen, d. h. des Tropfens Grappa, der zum \u201eAusspu\u0308len\u201c der Tasse Kaffee verwendet wird.<\/p>\n","protected":false},"featured_media":3143,"comment_status":"open","ping_status":"closed","template":"","meta":{"site-sidebar-layout":"default","site-content-layout":"","ast-site-content-layout":"default","site-content-style":"default","site-sidebar-style":"default","ast-global-header-display":"","ast-banner-title-visibility":"","ast-main-header-display":"","ast-hfb-above-header-display":"","ast-hfb-below-header-display":"","ast-hfb-mobile-header-display":"","site-post-title":"","ast-breadcrumbs-content":"","ast-featured-img":"","footer-sml-layout":"","ast-disable-related-posts":"","theme-transparent-header-meta":"default","adv-header-id-meta":"","stick-header-meta":"","header-above-stick-meta":"","header-main-stick-meta":"","header-below-stick-meta":"","astra-migrate-meta-layouts":"set","ast-page-background-enabled":"default","ast-page-background-meta":{"desktop":{"background-color":"var(--ast-global-color-4)","background-image":"","background-repeat":"repeat","background-position":"center center","background-size":"auto","background-attachment":"scroll","background-type":"","background-media":"","overlay-type":"","overlay-color":"","overlay-opacity":"","overlay-gradient":""},"tablet":{"background-color":"","background-image":"","background-repeat":"repeat","background-position":"center center","background-size":"auto","background-attachment":"scroll","background-type":"","background-media":"","overlay-type":"","overlay-color":"","overlay-opacity":"","overlay-gradient":""},"mobile":{"background-color":"","background-image":"","background-repeat":"repeat","background-position":"center center","background-size":"auto","background-attachment":"scroll","background-type":"","background-media":"","overlay-type":"","overlay-color":"","overlay-opacity":"","overlay-gradient":""}},"ast-content-background-meta":{"desktop":{"background-color":"var(--ast-global-color-5)","background-image":"","background-repeat":"repeat","background-position":"center center","background-size":"auto","background-attachment":"scroll","background-type":"","background-media":"","overlay-type":"","overlay-color":"","overlay-opacity":"","overlay-gradient":""},"tablet":{"background-color":"var(--ast-global-color-5)","background-image":"","background-repeat":"repeat","background-position":"center center","background-size":"auto","background-attachment":"scroll","background-type":"","background-media":"","overlay-type":"","overlay-color":"","overlay-opacity":"","overlay-gradient":""},"mobile":{"background-color":"var(--ast-global-color-5)","background-image":"","background-repeat":"repeat","background-position":"center center","background-size":"auto","background-attachment":"scroll","background-type":"","background-media":"","overlay-type":"","overlay-color":"","overlay-opacity":"","overlay-gradient":""}}},"product_brand":[],"product_cat":[96],"product_tag":[99,100],"class_list":{"0":"post-3157","1":"product","2":"type-product","3":"status-publish","4":"has-post-thumbnail","6":"product_cat-likoer-creme","7":"product_tag-cream-de","8":"product_tag-liqueur-de","9":"desktop-align-left","10":"tablet-align-left","11":"mobile-align-left","13":"first","14":"instock","15":"taxable","16":"shipping-taxable","17":"purchasable","18":"product-type-simple"},"yoast_head":"<!-- This site is optimized with the Yoast SEO plugin v27.4 - https:\/\/yoast.com\/product\/yoast-seo-wordpress\/ -->\n<title>Espresso Lik\u00f6r - EspressoPap\u00e0<\/title>\n<meta name=\"description\" content=\"Qualit\u00e4t, Charakter und Pers\u00f6nlichkeit dieses Lik\u00f6rs h\u00e4ngen nicht nur von der Qualit\u00e4t der Rohstoffe ab.\" \/>\n<meta name=\"robots\" content=\"index, follow, max-snippet:-1, max-image-preview:large, max-video-preview:-1\" \/>\n<link rel=\"canonical\" href=\"https:\/\/espressopapa.de\/de\/prodotto\/espresso-cream\/\" \/>\n<meta property=\"og:locale\" content=\"de_DE\" \/>\n<meta property=\"og:type\" content=\"article\" \/>\n<meta property=\"og:title\" content=\"Espresso Lik\u00f6r - EspressoPap\u00e0\" \/>\n<meta property=\"og:description\" content=\"Qualit\u00e4t, Charakter und Pers\u00f6nlichkeit dieses Lik\u00f6rs h\u00e4ngen nicht nur von der Qualit\u00e4t der Rohstoffe ab.\" \/>\n<meta property=\"og:url\" content=\"https:\/\/espressopapa.de\/de\/prodotto\/espresso-cream\/\" \/>\n<meta property=\"og:site_name\" content=\"EspressoPap\u00e0\" \/>\n<meta property=\"article:modified_time\" content=\"2024-10-27T18:14:49+00:00\" \/>\n<meta property=\"og:image\" content=\"https:\/\/i0.wp.com\/espressopapa.de\/wp-content\/uploads\/2024\/03\/espresso-bottega.jpg?fit=1080%2C1080&ssl=1\" \/>\n\t<meta property=\"og:image:width\" content=\"1080\" \/>\n\t<meta property=\"og:image:height\" content=\"1080\" \/>\n\t<meta property=\"og:image:type\" content=\"image\/jpeg\" \/>\n<meta name=\"twitter:card\" content=\"summary_large_image\" \/>\n<meta name=\"twitter:label1\" content=\"Gesch\u00e4tzte Lesezeit\" \/>\n\t<meta name=\"twitter:data1\" content=\"1\u00a0Minute\" \/>\n<script type=\"application\/ld+json\" class=\"yoast-schema-graph\">{\"@context\":\"https:\\\/\\\/schema.org\",\"@graph\":[{\"@type\":\"WebPage\",\"@id\":\"https:\\\/\\\/espressopapa.de\\\/de\\\/prodotto\\\/espresso-cream\\\/\",\"url\":\"https:\\\/\\\/espressopapa.de\\\/de\\\/prodotto\\\/espresso-cream\\\/\",\"name\":\"Espresso Lik\u00f6r - EspressoPap\u00e0\",\"isPartOf\":{\"@id\":\"https:\\\/\\\/espressopapa.de\\\/de\\\/#website\"},\"primaryImageOfPage\":{\"@id\":\"https:\\\/\\\/espressopapa.de\\\/de\\\/prodotto\\\/espresso-cream\\\/#primaryimage\"},\"image\":{\"@id\":\"https:\\\/\\\/espressopapa.de\\\/de\\\/prodotto\\\/espresso-cream\\\/#primaryimage\"},\"thumbnailUrl\":\"https:\\\/\\\/i0.wp.com\\\/espressopapa.de\\\/wp-content\\\/uploads\\\/2024\\\/03\\\/espresso-bottega.jpg?fit=1080%2C1080&ssl=1\",\"datePublished\":\"2024-03-11T10:48:09+00:00\",\"dateModified\":\"2024-10-27T18:14:49+00:00\",\"description\":\"Qualit\u00e4t, Charakter und Pers\u00f6nlichkeit dieses Lik\u00f6rs h\u00e4ngen nicht nur von der Qualit\u00e4t der Rohstoffe ab.\",\"breadcrumb\":{\"@id\":\"https:\\\/\\\/espressopapa.de\\\/de\\\/prodotto\\\/espresso-cream\\\/#breadcrumb\"},\"inLanguage\":\"de\",\"potentialAction\":[{\"@type\":\"ReadAction\",\"target\":[\"https:\\\/\\\/espressopapa.de\\\/de\\\/prodotto\\\/espresso-cream\\\/\"]}]},{\"@type\":\"ImageObject\",\"inLanguage\":\"de\",\"@id\":\"https:\\\/\\\/espressopapa.de\\\/de\\\/prodotto\\\/espresso-cream\\\/#primaryimage\",\"url\":\"https:\\\/\\\/i0.wp.com\\\/espressopapa.de\\\/wp-content\\\/uploads\\\/2024\\\/03\\\/espresso-bottega.jpg?fit=1080%2C1080&ssl=1\",\"contentUrl\":\"https:\\\/\\\/i0.wp.com\\\/espressopapa.de\\\/wp-content\\\/uploads\\\/2024\\\/03\\\/espresso-bottega.jpg?fit=1080%2C1080&ssl=1\",\"width\":1080,\"height\":1080},{\"@type\":\"BreadcrumbList\",\"@id\":\"https:\\\/\\\/espressopapa.de\\\/de\\\/prodotto\\\/espresso-cream\\\/#breadcrumb\",\"itemListElement\":[{\"@type\":\"ListItem\",\"position\":1,\"name\":\"Home\",\"item\":\"https:\\\/\\\/espressopapa.de\\\/de\\\/\"},{\"@type\":\"ListItem\",\"position\":2,\"name\":\"Shop\",\"item\":\"https:\\\/\\\/espressopapa.de\\\/shop\\\/\"},{\"@type\":\"ListItem\",\"position\":3,\"name\":\"Espresso Lik\u00f6r\"}]},{\"@type\":\"WebSite\",\"@id\":\"https:\\\/\\\/espressopapa.de\\\/de\\\/#website\",\"url\":\"https:\\\/\\\/espressopapa.de\\\/de\\\/\",\"name\":\"EspressoPap\u00e0\",\"description\":\"Artisan Coffee | Made in Italy\",\"publisher\":{\"@id\":\"https:\\\/\\\/espressopapa.de\\\/de\\\/#organization\"},\"potentialAction\":[{\"@type\":\"SearchAction\",\"target\":{\"@type\":\"EntryPoint\",\"urlTemplate\":\"https:\\\/\\\/espressopapa.de\\\/de\\\/?s={search_term_string}\"},\"query-input\":{\"@type\":\"PropertyValueSpecification\",\"valueRequired\":true,\"valueName\":\"search_term_string\"}}],\"inLanguage\":\"de\"},{\"@type\":\"Organization\",\"@id\":\"https:\\\/\\\/espressopapa.de\\\/de\\\/#organization\",\"name\":\"EspressoPap\u00e0\",\"url\":\"https:\\\/\\\/espressopapa.de\\\/de\\\/\",\"logo\":{\"@type\":\"ImageObject\",\"inLanguage\":\"de\",\"@id\":\"https:\\\/\\\/espressopapa.de\\\/de\\\/#\\\/schema\\\/logo\\\/image\\\/\",\"url\":\"https:\\\/\\\/espressopapa.de\\\/wp-content\\\/uploads\\\/2023\\\/03\\\/espressopapa-logo-bianco.svg\",\"contentUrl\":\"https:\\\/\\\/espressopapa.de\\\/wp-content\\\/uploads\\\/2023\\\/03\\\/espressopapa-logo-bianco.svg\",\"width\":245,\"height\":338,\"caption\":\"EspressoPap\u00e0\"},\"image\":{\"@id\":\"https:\\\/\\\/espressopapa.de\\\/de\\\/#\\\/schema\\\/logo\\\/image\\\/\"}}]}<\/script>\n<!-- \/ Yoast SEO plugin. -->","yoast_head_json":{"title":"Espresso Lik\u00f6r - EspressoPap\u00e0","description":"Qualit\u00e4t, Charakter und Pers\u00f6nlichkeit dieses Lik\u00f6rs h\u00e4ngen nicht nur von der Qualit\u00e4t der Rohstoffe ab.","robots":{"index":"index","follow":"follow","max-snippet":"max-snippet:-1","max-image-preview":"max-image-preview:large","max-video-preview":"max-video-preview:-1"},"canonical":"https:\/\/espressopapa.de\/de\/prodotto\/espresso-cream\/","og_locale":"de_DE","og_type":"article","og_title":"Espresso Lik\u00f6r - EspressoPap\u00e0","og_description":"Qualit\u00e4t, Charakter und Pers\u00f6nlichkeit dieses Lik\u00f6rs h\u00e4ngen nicht nur von der Qualit\u00e4t der Rohstoffe ab.","og_url":"https:\/\/espressopapa.de\/de\/prodotto\/espresso-cream\/","og_site_name":"EspressoPap\u00e0","article_modified_time":"2024-10-27T18:14:49+00:00","og_image":[{"width":1080,"height":1080,"url":"https:\/\/i0.wp.com\/espressopapa.de\/wp-content\/uploads\/2024\/03\/espresso-bottega.jpg?fit=1080%2C1080&ssl=1","type":"image\/jpeg"}],"twitter_card":"summary_large_image","twitter_misc":{"Gesch\u00e4tzte Lesezeit":"1\u00a0Minute"},"schema":{"@context":"https:\/\/schema.org","@graph":[{"@type":"WebPage","@id":"https:\/\/espressopapa.de\/de\/prodotto\/espresso-cream\/","url":"https:\/\/espressopapa.de\/de\/prodotto\/espresso-cream\/","name":"Espresso Lik\u00f6r - EspressoPap\u00e0","isPartOf":{"@id":"https:\/\/espressopapa.de\/de\/#website"},"primaryImageOfPage":{"@id":"https:\/\/espressopapa.de\/de\/prodotto\/espresso-cream\/#primaryimage"},"image":{"@id":"https:\/\/espressopapa.de\/de\/prodotto\/espresso-cream\/#primaryimage"},"thumbnailUrl":"https:\/\/i0.wp.com\/espressopapa.de\/wp-content\/uploads\/2024\/03\/espresso-bottega.jpg?fit=1080%2C1080&ssl=1","datePublished":"2024-03-11T10:48:09+00:00","dateModified":"2024-10-27T18:14:49+00:00","description":"Qualit\u00e4t, Charakter und Pers\u00f6nlichkeit dieses Lik\u00f6rs h\u00e4ngen nicht nur von der Qualit\u00e4t der Rohstoffe ab.","breadcrumb":{"@id":"https:\/\/espressopapa.de\/de\/prodotto\/espresso-cream\/#breadcrumb"},"inLanguage":"de","potentialAction":[{"@type":"ReadAction","target":["https:\/\/espressopapa.de\/de\/prodotto\/espresso-cream\/"]}]},{"@type":"ImageObject","inLanguage":"de","@id":"https:\/\/espressopapa.de\/de\/prodotto\/espresso-cream\/#primaryimage","url":"https:\/\/i0.wp.com\/espressopapa.de\/wp-content\/uploads\/2024\/03\/espresso-bottega.jpg?fit=1080%2C1080&ssl=1","contentUrl":"https:\/\/i0.wp.com\/espressopapa.de\/wp-content\/uploads\/2024\/03\/espresso-bottega.jpg?fit=1080%2C1080&ssl=1","width":1080,"height":1080},{"@type":"BreadcrumbList","@id":"https:\/\/espressopapa.de\/de\/prodotto\/espresso-cream\/#breadcrumb","itemListElement":[{"@type":"ListItem","position":1,"name":"Home","item":"https:\/\/espressopapa.de\/de\/"},{"@type":"ListItem","position":2,"name":"Shop","item":"https:\/\/espressopapa.de\/shop\/"},{"@type":"ListItem","position":3,"name":"Espresso Lik\u00f6r"}]},{"@type":"WebSite","@id":"https:\/\/espressopapa.de\/de\/#website","url":"https:\/\/espressopapa.de\/de\/","name":"EspressoPap\u00e0","description":"Artisan Coffee | Made in Italy","publisher":{"@id":"https:\/\/espressopapa.de\/de\/#organization"},"potentialAction":[{"@type":"SearchAction","target":{"@type":"EntryPoint","urlTemplate":"https:\/\/espressopapa.de\/de\/?s={search_term_string}"},"query-input":{"@type":"PropertyValueSpecification","valueRequired":true,"valueName":"search_term_string"}}],"inLanguage":"de"},{"@type":"Organization","@id":"https:\/\/espressopapa.de\/de\/#organization","name":"EspressoPap\u00e0","url":"https:\/\/espressopapa.de\/de\/","logo":{"@type":"ImageObject","inLanguage":"de","@id":"https:\/\/espressopapa.de\/de\/#\/schema\/logo\/image\/","url":"https:\/\/espressopapa.de\/wp-content\/uploads\/2023\/03\/espressopapa-logo-bianco.svg","contentUrl":"https:\/\/espressopapa.de\/wp-content\/uploads\/2023\/03\/espressopapa-logo-bianco.svg","width":245,"height":338,"caption":"EspressoPap\u00e0"},"image":{"@id":"https:\/\/espressopapa.de\/de\/#\/schema\/logo\/image\/"}}]}},"jetpack_sharing_enabled":true,"_links":{"self":[{"href":"https:\/\/espressopapa.de\/de\/wp-json\/wp\/v2\/product\/3157","targetHints":{"allow":["GET"]}}],"collection":[{"href":"https:\/\/espressopapa.de\/de\/wp-json\/wp\/v2\/product"}],"about":[{"href":"https:\/\/espressopapa.de\/de\/wp-json\/wp\/v2\/types\/product"}],"replies":[{"embeddable":true,"href":"https:\/\/espressopapa.de\/de\/wp-json\/wp\/v2\/comments?post=3157"}],"version-history":[{"count":4,"href":"https:\/\/espressopapa.de\/de\/wp-json\/wp\/v2\/product\/3157\/revisions"}],"predecessor-version":[{"id":3224,"href":"https:\/\/espressopapa.de\/de\/wp-json\/wp\/v2\/product\/3157\/revisions\/3224"}],"wp:featuredmedia":[{"embeddable":true,"href":"https:\/\/espressopapa.de\/de\/wp-json\/wp\/v2\/media\/3143"}],"wp:attachment":[{"href":"https:\/\/espressopapa.de\/de\/wp-json\/wp\/v2\/media?parent=3157"}],"wp:term":[{"taxonomy":"product_brand","embeddable":true,"href":"https:\/\/espressopapa.de\/de\/wp-json\/wp\/v2\/product_brand?post=3157"},{"taxonomy":"product_cat","embeddable":true,"href":"https:\/\/espressopapa.de\/de\/wp-json\/wp\/v2\/product_cat?post=3157"},{"taxonomy":"product_tag","embeddable":true,"href":"https:\/\/espressopapa.de\/de\/wp-json\/wp\/v2\/product_tag?post=3157"}],"curies":[{"name":"wp","href":"https:\/\/api.w.org\/{rel}","templated":true}]}}