{"id":3156,"date":"2024-03-11T12:54:41","date_gmt":"2024-03-11T10:54:41","guid":{"rendered":"https:\/\/espressopapa.de\/product\/cappuccino-cream\/"},"modified":"2024-03-19T17:47:21","modified_gmt":"2024-03-19T15:47:21","slug":"cappuccino-cream","status":"publish","type":"product","link":"https:\/\/espressopapa.de\/de\/prodotto\/cappuccino-cream\/","title":{"rendered":"Cappuccino Crema"},"content":{"rendered":"<p><strong>Geruch<\/strong><br \/>\nHarmonische Balance zwischen Kaffee und Milch, mit ger\u00f6steten Noten von Getreide, Karamell, Kakao, Vanille und abschlie\u00dfenden Noten von Blumen und Trockenfru\u0308chten.<\/p>\n<p><strong>Geruch<\/strong><br \/>\nHarmonische Balance zwischen Kaffee und Milch, mit ger\u00f6steten Noten von Getreide, Karamell, Kakao, Vanille und abschlie\u00dfenden Noten von Blumen und Trockenfru\u0308chten Das mit Blume h\u00f6rt sich komisch an Ich wu\u0308rde das weg lassen.<\/p>\n<p><strong>Passt zu<\/strong><br \/>\nDank seines moderaten Alkoholgehalts wird er besonders gesch\u00e4tzt, wenn er kalt am Ende einer Mahlzeit serviert wird, um den Gaumen zu erfreuen, als Beilage zum Kaffee oder als Erg\u00e4nzung zu Sahneeis. Schlie\u00dflich kann es als Zutat fu\u0308r die Zubereitung k\u00f6stlicher Cocktails verwendet werden.<\/p>\n","protected":false},"excerpt":{"rendered":"<p>Cappuccino ist ein cremiger Lik\u00f6r, angenehm su\u0308\u00df und mit moderatem Alkoholgehalt, der sich durch die unverkennbaren Noten von Milch und Kaffee auszeichnet. Cappuccino ist ein Getr\u00e4nk aus Kaffee und aufgesch\u00e4umter Milch.<\/p>\n<p>In Italien, dem Land, in dem es am weitesten verbreitet ist, wird es traditionell morgens, zum Fru\u0308hstu\u0308ck oder danach konsumiert, niemals w\u00e4hrend der Mahlzeiten. Historisch gesehen wird die Erfindung dieses beru\u0308hmten italienischen Getr\u00e4nks dem Kapuzinerpater Marco d&#8217;Aviano (1631-1699) zugeschrieben. Es hei\u00dft, dass der M\u00f6nch w\u00e4hrend seines Aufenthalts in Wien ein Caf\u00e9 betrat und, da er keinen so starken Kaffee trinken konnte, um etwas zum Su\u0308\u00dfen bat. Sie brachten ihm etwas Milch und die Flu\u0308ssigkeit kl\u00e4rte sich und nahm die gleiche Farbe an wie die Kutte des religi\u00f6sen Mannes.<\/p>\n<p>\u00abKapuziner!\u00bb riefen die G\u00e4ste des Ortes aus. Im 18. Jahrhundert verbreitete sich das Getr\u00e4nk vor allem in Friaul-Julisch Venetien und im gesamten \u00d6sterreich-Ungarischen Reich. Ende desselben Jahrhunderts hatte sich die Cappuccino-Mode auf die manuelle Zubereitung von Milchschaum konzentriert; Doch erst zu Beginn des 20.<\/p>\n<p>Jahrhunderts, mit der Markteinfu\u0308hrung der ersten Espressomaschinen, nahm das Getr\u00e4nk dank der Zubereitung von Milchschaum durch den Dampfauslauf seine heutige Form an. Es ist eine Exzellenz des Made in Italy und sogar weiter verbreitet als Espresso, gerade weil es su\u0308\u00dfer ist. Der Bottega Cappuccino wird aus Milch aus den Alpen hergestellt, die mit ausgew\u00e4hlten Kaffeesorten lange gekocht wird. Dabei handelt es sich um feine Arabica-Sorten \u00e4thiopischen Ursprungs. Das afrikanische Land, dessen Morphologie von schroffen Bergen und ausgedehnten Hochebenen gepr\u00e4gt ist, gilt als Wiege des Kaffees. Die Zugabe von Zucker verleiht dem Cappuccino eine ausgewogene Su\u0308\u00dfe und verleiht dem Produkt eine angenehme Cremigkeit.<\/p>\n","protected":false},"featured_media":3139,"comment_status":"open","ping_status":"closed","template":"","meta":{"site-sidebar-layout":"default","site-content-layout":"","ast-site-content-layout":"default","site-content-style":"default","site-sidebar-style":"default","ast-global-header-display":"","ast-banner-title-visibility":"","ast-main-header-display":"","ast-hfb-above-header-display":"","ast-hfb-below-header-display":"","ast-hfb-mobile-header-display":"","site-post-title":"","ast-breadcrumbs-content":"","ast-featured-img":"","footer-sml-layout":"","ast-disable-related-posts":"","theme-transparent-header-meta":"default","adv-header-id-meta":"","stick-header-meta":"","header-above-stick-meta":"","header-main-stick-meta":"","header-below-stick-meta":"","astra-migrate-meta-layouts":"set","ast-page-background-enabled":"default","ast-page-background-meta":{"desktop":{"background-color":"var(--ast-global-color-4)","background-image":"","background-repeat":"repeat","background-position":"center center","background-size":"auto","background-attachment":"scroll","background-type":"","background-media":"","overlay-type":"","overlay-color":"","overlay-opacity":"","overlay-gradient":""},"tablet":{"background-color":"","background-image":"","background-repeat":"repeat","background-position":"center center","background-size":"auto","background-attachment":"scroll","background-type":"","background-media":"","overlay-type":"","overlay-color":"","overlay-opacity":"","overlay-gradient":""},"mobile":{"background-color":"","background-image":"","background-repeat":"repeat","background-position":"center center","background-size":"auto","background-attachment":"scroll","background-type":"","background-media":"","overlay-type":"","overlay-color":"","overlay-opacity":"","overlay-gradient":""}},"ast-content-background-meta":{"desktop":{"background-color":"var(--ast-global-color-5)","background-image":"","background-repeat":"repeat","background-position":"center center","background-size":"auto","background-attachment":"scroll","background-type":"","background-media":"","overlay-type":"","overlay-color":"","overlay-opacity":"","overlay-gradient":""},"tablet":{"background-color":"var(--ast-global-color-5)","background-image":"","background-repeat":"repeat","background-position":"center center","background-size":"auto","background-attachment":"scroll","background-type":"","background-media":"","overlay-type":"","overlay-color":"","overlay-opacity":"","overlay-gradient":""},"mobile":{"background-color":"var(--ast-global-color-5)","background-image":"","background-repeat":"repeat","background-position":"center center","background-size":"auto","background-attachment":"scroll","background-type":"","background-media":"","overlay-type":"","overlay-color":"","overlay-opacity":"","overlay-gradient":""}}},"product_brand":[],"product_cat":[96],"product_tag":[99,100],"class_list":{"0":"post-3156","1":"product","2":"type-product","3":"status-publish","4":"has-post-thumbnail","6":"product_cat-likoer-creme","7":"product_tag-cream-de","8":"product_tag-liqueur-de","9":"desktop-align-left","10":"tablet-align-left","11":"mobile-align-left","13":"first","14":"outofstock","15":"taxable","16":"shipping-taxable","17":"purchasable","18":"product-type-simple"},"yoast_head":"<!-- This site is optimized with the Yoast SEO plugin v27.4 - https:\/\/yoast.com\/product\/yoast-seo-wordpress\/ -->\n<title>Cappuccino Crema - EspressoPap\u00e0<\/title>\n<meta name=\"description\" content=\"Cappuccino ist ein cremiger Lik\u00f6r, angenehm su\u0308\u00df und mit moderatem Alkoholgehalt, der sich durch die unverkennbaren Noten von Milch und Kaffee auszeichnet.\" \/>\n<meta name=\"robots\" content=\"index, follow, max-snippet:-1, max-image-preview:large, max-video-preview:-1\" \/>\n<link rel=\"canonical\" href=\"https:\/\/espressopapa.de\/de\/prodotto\/cappuccino-cream\/\" \/>\n<meta property=\"og:locale\" content=\"de_DE\" \/>\n<meta property=\"og:type\" content=\"article\" \/>\n<meta property=\"og:title\" content=\"Cappuccino Crema - EspressoPap\u00e0\" \/>\n<meta property=\"og:description\" content=\"Cappuccino ist ein cremiger Lik\u00f6r, angenehm su\u0308\u00df und mit moderatem Alkoholgehalt, der sich durch die unverkennbaren Noten von Milch und Kaffee auszeichnet.\" \/>\n<meta property=\"og:url\" content=\"https:\/\/espressopapa.de\/de\/prodotto\/cappuccino-cream\/\" \/>\n<meta property=\"og:site_name\" content=\"EspressoPap\u00e0\" \/>\n<meta property=\"article:modified_time\" content=\"2024-03-19T15:47:21+00:00\" \/>\n<meta property=\"og:image\" content=\"https:\/\/i0.wp.com\/espressopapa.de\/wp-content\/uploads\/2024\/03\/cappuccino-bottega.jpg?fit=1080%2C1080&ssl=1\" \/>\n\t<meta property=\"og:image:width\" content=\"1080\" \/>\n\t<meta property=\"og:image:height\" content=\"1080\" \/>\n\t<meta property=\"og:image:type\" content=\"image\/jpeg\" \/>\n<meta name=\"twitter:card\" content=\"summary_large_image\" \/>\n<meta name=\"twitter:label1\" content=\"Gesch\u00e4tzte Lesezeit\" \/>\n\t<meta name=\"twitter:data1\" content=\"1\u00a0Minute\" \/>\n<script type=\"application\/ld+json\" class=\"yoast-schema-graph\">{\"@context\":\"https:\\\/\\\/schema.org\",\"@graph\":[{\"@type\":\"WebPage\",\"@id\":\"https:\\\/\\\/espressopapa.de\\\/de\\\/prodotto\\\/cappuccino-cream\\\/\",\"url\":\"https:\\\/\\\/espressopapa.de\\\/de\\\/prodotto\\\/cappuccino-cream\\\/\",\"name\":\"Cappuccino Crema - EspressoPap\u00e0\",\"isPartOf\":{\"@id\":\"https:\\\/\\\/espressopapa.de\\\/de\\\/#website\"},\"primaryImageOfPage\":{\"@id\":\"https:\\\/\\\/espressopapa.de\\\/de\\\/prodotto\\\/cappuccino-cream\\\/#primaryimage\"},\"image\":{\"@id\":\"https:\\\/\\\/espressopapa.de\\\/de\\\/prodotto\\\/cappuccino-cream\\\/#primaryimage\"},\"thumbnailUrl\":\"https:\\\/\\\/i0.wp.com\\\/espressopapa.de\\\/wp-content\\\/uploads\\\/2024\\\/03\\\/cappuccino-bottega.jpg?fit=1080%2C1080&ssl=1\",\"datePublished\":\"2024-03-11T10:54:41+00:00\",\"dateModified\":\"2024-03-19T15:47:21+00:00\",\"description\":\"Cappuccino ist ein cremiger Lik\u00f6r, angenehm su\u0308\u00df und mit moderatem Alkoholgehalt, der sich durch die unverkennbaren Noten von Milch und Kaffee auszeichnet.\",\"breadcrumb\":{\"@id\":\"https:\\\/\\\/espressopapa.de\\\/de\\\/prodotto\\\/cappuccino-cream\\\/#breadcrumb\"},\"inLanguage\":\"de\",\"potentialAction\":[{\"@type\":\"ReadAction\",\"target\":[\"https:\\\/\\\/espressopapa.de\\\/de\\\/prodotto\\\/cappuccino-cream\\\/\"]}]},{\"@type\":\"ImageObject\",\"inLanguage\":\"de\",\"@id\":\"https:\\\/\\\/espressopapa.de\\\/de\\\/prodotto\\\/cappuccino-cream\\\/#primaryimage\",\"url\":\"https:\\\/\\\/i0.wp.com\\\/espressopapa.de\\\/wp-content\\\/uploads\\\/2024\\\/03\\\/cappuccino-bottega.jpg?fit=1080%2C1080&ssl=1\",\"contentUrl\":\"https:\\\/\\\/i0.wp.com\\\/espressopapa.de\\\/wp-content\\\/uploads\\\/2024\\\/03\\\/cappuccino-bottega.jpg?fit=1080%2C1080&ssl=1\",\"width\":1080,\"height\":1080},{\"@type\":\"BreadcrumbList\",\"@id\":\"https:\\\/\\\/espressopapa.de\\\/de\\\/prodotto\\\/cappuccino-cream\\\/#breadcrumb\",\"itemListElement\":[{\"@type\":\"ListItem\",\"position\":1,\"name\":\"Home\",\"item\":\"https:\\\/\\\/espressopapa.de\\\/de\\\/\"},{\"@type\":\"ListItem\",\"position\":2,\"name\":\"Shop\",\"item\":\"https:\\\/\\\/espressopapa.de\\\/shop\\\/\"},{\"@type\":\"ListItem\",\"position\":3,\"name\":\"Cappuccino Crema\"}]},{\"@type\":\"WebSite\",\"@id\":\"https:\\\/\\\/espressopapa.de\\\/de\\\/#website\",\"url\":\"https:\\\/\\\/espressopapa.de\\\/de\\\/\",\"name\":\"EspressoPap\u00e0\",\"description\":\"Artisan Coffee | Made in Italy\",\"publisher\":{\"@id\":\"https:\\\/\\\/espressopapa.de\\\/de\\\/#organization\"},\"potentialAction\":[{\"@type\":\"SearchAction\",\"target\":{\"@type\":\"EntryPoint\",\"urlTemplate\":\"https:\\\/\\\/espressopapa.de\\\/de\\\/?s={search_term_string}\"},\"query-input\":{\"@type\":\"PropertyValueSpecification\",\"valueRequired\":true,\"valueName\":\"search_term_string\"}}],\"inLanguage\":\"de\"},{\"@type\":\"Organization\",\"@id\":\"https:\\\/\\\/espressopapa.de\\\/de\\\/#organization\",\"name\":\"EspressoPap\u00e0\",\"url\":\"https:\\\/\\\/espressopapa.de\\\/de\\\/\",\"logo\":{\"@type\":\"ImageObject\",\"inLanguage\":\"de\",\"@id\":\"https:\\\/\\\/espressopapa.de\\\/de\\\/#\\\/schema\\\/logo\\\/image\\\/\",\"url\":\"https:\\\/\\\/espressopapa.de\\\/wp-content\\\/uploads\\\/2023\\\/03\\\/espressopapa-logo-bianco.svg\",\"contentUrl\":\"https:\\\/\\\/espressopapa.de\\\/wp-content\\\/uploads\\\/2023\\\/03\\\/espressopapa-logo-bianco.svg\",\"width\":245,\"height\":338,\"caption\":\"EspressoPap\u00e0\"},\"image\":{\"@id\":\"https:\\\/\\\/espressopapa.de\\\/de\\\/#\\\/schema\\\/logo\\\/image\\\/\"}}]}<\/script>\n<!-- \/ Yoast SEO plugin. -->","yoast_head_json":{"title":"Cappuccino Crema - EspressoPap\u00e0","description":"Cappuccino ist ein cremiger Lik\u00f6r, angenehm su\u0308\u00df und mit moderatem Alkoholgehalt, der sich durch die unverkennbaren Noten von Milch und Kaffee auszeichnet.","robots":{"index":"index","follow":"follow","max-snippet":"max-snippet:-1","max-image-preview":"max-image-preview:large","max-video-preview":"max-video-preview:-1"},"canonical":"https:\/\/espressopapa.de\/de\/prodotto\/cappuccino-cream\/","og_locale":"de_DE","og_type":"article","og_title":"Cappuccino Crema - EspressoPap\u00e0","og_description":"Cappuccino ist ein cremiger Lik\u00f6r, angenehm su\u0308\u00df und mit moderatem Alkoholgehalt, der sich durch die unverkennbaren Noten von Milch und Kaffee auszeichnet.","og_url":"https:\/\/espressopapa.de\/de\/prodotto\/cappuccino-cream\/","og_site_name":"EspressoPap\u00e0","article_modified_time":"2024-03-19T15:47:21+00:00","og_image":[{"width":1080,"height":1080,"url":"https:\/\/i0.wp.com\/espressopapa.de\/wp-content\/uploads\/2024\/03\/cappuccino-bottega.jpg?fit=1080%2C1080&ssl=1","type":"image\/jpeg"}],"twitter_card":"summary_large_image","twitter_misc":{"Gesch\u00e4tzte Lesezeit":"1\u00a0Minute"},"schema":{"@context":"https:\/\/schema.org","@graph":[{"@type":"WebPage","@id":"https:\/\/espressopapa.de\/de\/prodotto\/cappuccino-cream\/","url":"https:\/\/espressopapa.de\/de\/prodotto\/cappuccino-cream\/","name":"Cappuccino Crema - EspressoPap\u00e0","isPartOf":{"@id":"https:\/\/espressopapa.de\/de\/#website"},"primaryImageOfPage":{"@id":"https:\/\/espressopapa.de\/de\/prodotto\/cappuccino-cream\/#primaryimage"},"image":{"@id":"https:\/\/espressopapa.de\/de\/prodotto\/cappuccino-cream\/#primaryimage"},"thumbnailUrl":"https:\/\/i0.wp.com\/espressopapa.de\/wp-content\/uploads\/2024\/03\/cappuccino-bottega.jpg?fit=1080%2C1080&ssl=1","datePublished":"2024-03-11T10:54:41+00:00","dateModified":"2024-03-19T15:47:21+00:00","description":"Cappuccino ist ein cremiger Lik\u00f6r, angenehm su\u0308\u00df und mit moderatem Alkoholgehalt, der sich durch die unverkennbaren Noten von Milch und Kaffee auszeichnet.","breadcrumb":{"@id":"https:\/\/espressopapa.de\/de\/prodotto\/cappuccino-cream\/#breadcrumb"},"inLanguage":"de","potentialAction":[{"@type":"ReadAction","target":["https:\/\/espressopapa.de\/de\/prodotto\/cappuccino-cream\/"]}]},{"@type":"ImageObject","inLanguage":"de","@id":"https:\/\/espressopapa.de\/de\/prodotto\/cappuccino-cream\/#primaryimage","url":"https:\/\/i0.wp.com\/espressopapa.de\/wp-content\/uploads\/2024\/03\/cappuccino-bottega.jpg?fit=1080%2C1080&ssl=1","contentUrl":"https:\/\/i0.wp.com\/espressopapa.de\/wp-content\/uploads\/2024\/03\/cappuccino-bottega.jpg?fit=1080%2C1080&ssl=1","width":1080,"height":1080},{"@type":"BreadcrumbList","@id":"https:\/\/espressopapa.de\/de\/prodotto\/cappuccino-cream\/#breadcrumb","itemListElement":[{"@type":"ListItem","position":1,"name":"Home","item":"https:\/\/espressopapa.de\/de\/"},{"@type":"ListItem","position":2,"name":"Shop","item":"https:\/\/espressopapa.de\/shop\/"},{"@type":"ListItem","position":3,"name":"Cappuccino Crema"}]},{"@type":"WebSite","@id":"https:\/\/espressopapa.de\/de\/#website","url":"https:\/\/espressopapa.de\/de\/","name":"EspressoPap\u00e0","description":"Artisan Coffee | Made in Italy","publisher":{"@id":"https:\/\/espressopapa.de\/de\/#organization"},"potentialAction":[{"@type":"SearchAction","target":{"@type":"EntryPoint","urlTemplate":"https:\/\/espressopapa.de\/de\/?s={search_term_string}"},"query-input":{"@type":"PropertyValueSpecification","valueRequired":true,"valueName":"search_term_string"}}],"inLanguage":"de"},{"@type":"Organization","@id":"https:\/\/espressopapa.de\/de\/#organization","name":"EspressoPap\u00e0","url":"https:\/\/espressopapa.de\/de\/","logo":{"@type":"ImageObject","inLanguage":"de","@id":"https:\/\/espressopapa.de\/de\/#\/schema\/logo\/image\/","url":"https:\/\/espressopapa.de\/wp-content\/uploads\/2023\/03\/espressopapa-logo-bianco.svg","contentUrl":"https:\/\/espressopapa.de\/wp-content\/uploads\/2023\/03\/espressopapa-logo-bianco.svg","width":245,"height":338,"caption":"EspressoPap\u00e0"},"image":{"@id":"https:\/\/espressopapa.de\/de\/#\/schema\/logo\/image\/"}}]}},"jetpack_sharing_enabled":true,"_links":{"self":[{"href":"https:\/\/espressopapa.de\/de\/wp-json\/wp\/v2\/product\/3156","targetHints":{"allow":["GET"]}}],"collection":[{"href":"https:\/\/espressopapa.de\/de\/wp-json\/wp\/v2\/product"}],"about":[{"href":"https:\/\/espressopapa.de\/de\/wp-json\/wp\/v2\/types\/product"}],"replies":[{"embeddable":true,"href":"https:\/\/espressopapa.de\/de\/wp-json\/wp\/v2\/comments?post=3156"}],"version-history":[{"count":4,"href":"https:\/\/espressopapa.de\/de\/wp-json\/wp\/v2\/product\/3156\/revisions"}],"predecessor-version":[{"id":3161,"href":"https:\/\/espressopapa.de\/de\/wp-json\/wp\/v2\/product\/3156\/revisions\/3161"}],"wp:featuredmedia":[{"embeddable":true,"href":"https:\/\/espressopapa.de\/de\/wp-json\/wp\/v2\/media\/3139"}],"wp:attachment":[{"href":"https:\/\/espressopapa.de\/de\/wp-json\/wp\/v2\/media?parent=3156"}],"wp:term":[{"taxonomy":"product_brand","embeddable":true,"href":"https:\/\/espressopapa.de\/de\/wp-json\/wp\/v2\/product_brand?post=3156"},{"taxonomy":"product_cat","embeddable":true,"href":"https:\/\/espressopapa.de\/de\/wp-json\/wp\/v2\/product_cat?post=3156"},{"taxonomy":"product_tag","embeddable":true,"href":"https:\/\/espressopapa.de\/de\/wp-json\/wp\/v2\/product_tag?post=3156"}],"curies":[{"name":"wp","href":"https:\/\/api.w.org\/{rel}","templated":true}]}}