{"id":1907,"date":"2023-03-14T10:07:48","date_gmt":"2023-03-14T10:07:48","guid":{"rendered":"https:\/\/espressopapa.de\/origin-coffee\/"},"modified":"2023-04-17T08:26:20","modified_gmt":"2023-04-17T08:26:20","slug":"ursprung-kaffee","status":"publish","type":"page","link":"https:\/\/espressopapa.de\/de\/ursprung-kaffee\/","title":{"rendered":"Ursprung"},"content":{"rendered":"\t\t<div data-elementor-type=\"wp-page\" data-elementor-id=\"1907\" class=\"elementor elementor-1907 elementor-1378\" data-elementor-post-type=\"page\">\n\t\t\t\t\t\t<section class=\"elementor-section elementor-top-section elementor-element elementor-element-95eebdf elementor-section-boxed elementor-section-height-default elementor-section-height-default\" data-id=\"95eebdf\" data-element_type=\"section\" data-e-type=\"section\" data-settings=\"{&quot;background_background&quot;:&quot;classic&quot;}\">\n\t\t\t\t\t\t<div class=\"elementor-container elementor-column-gap-no\">\n\t\t\t\t\t<div class=\"elementor-column elementor-col-100 elementor-top-column elementor-element elementor-element-3700ce5\" data-id=\"3700ce5\" data-element_type=\"column\" data-e-type=\"column\">\n\t\t\t<div class=\"elementor-widget-wrap elementor-element-populated\">\n\t\t\t\t\t\t<section class=\"elementor-section elementor-inner-section elementor-element elementor-element-ebc51e3 elementor-section-boxed elementor-section-height-default elementor-section-height-default\" data-id=\"ebc51e3\" data-element_type=\"section\" data-e-type=\"section\">\n\t\t\t\t\t\t<div class=\"elementor-container elementor-column-gap-no\">\n\t\t\t\t\t<div class=\"elementor-column elementor-col-33 elementor-inner-column elementor-element elementor-element-caa43ea\" data-id=\"caa43ea\" data-element_type=\"column\" data-e-type=\"column\">\n\t\t\t<div class=\"elementor-widget-wrap elementor-element-populated\">\n\t\t\t\t\t\t<div class=\"elementor-element elementor-element-4e4a19d elementor-widget elementor-widget-heading\" data-id=\"4e4a19d\" data-element_type=\"widget\" data-e-type=\"widget\" data-widget_type=\"heading.default\">\n\t\t\t\t<div class=\"elementor-widget-container\">\n\t\t\t\t\t<h2 class=\"elementor-heading-title elementor-size-default\">Origin<\/h2>\t\t\t\t<\/div>\n\t\t\t\t<\/div>\n\t\t\t\t\t<\/div>\n\t\t<\/div>\n\t\t\t\t<div class=\"elementor-column elementor-col-66 elementor-inner-column elementor-element elementor-element-fc22abd\" data-id=\"fc22abd\" data-element_type=\"column\" data-e-type=\"column\">\n\t\t\t<div class=\"elementor-widget-wrap elementor-element-populated\">\n\t\t\t\t\t\t<div class=\"elementor-element elementor-element-c80e5db elementor-widget-divider--view-line elementor-widget elementor-widget-divider\" data-id=\"c80e5db\" data-element_type=\"widget\" data-e-type=\"widget\" data-widget_type=\"divider.default\">\n\t\t\t\t<div class=\"elementor-widget-container\">\n\t\t\t\t\t\t\t<div class=\"elementor-divider\">\n\t\t\t<span class=\"elementor-divider-separator\">\n\t\t\t\t\t\t<\/span>\n\t\t<\/div>\n\t\t\t\t\t\t<\/div>\n\t\t\t\t<\/div>\n\t\t\t\t<div class=\"elementor-element elementor-element-da46fbf elementor-widget elementor-widget-heading\" data-id=\"da46fbf\" data-element_type=\"widget\" data-e-type=\"widget\" data-widget_type=\"heading.default\">\n\t\t\t\t<div class=\"elementor-widget-container\">\n\t\t\t\t\t<h1 class=\"elementor-heading-title elementor-size-default\">Erstellen einer Kaffeemischung\nist ein heikler Job, der gro\u00dfe F\u00e4higkeiten erfordert.<\/h1>\t\t\t\t<\/div>\n\t\t\t\t<\/div>\n\t\t\t\t<div class=\"elementor-element elementor-element-41fbad1 elementor-widget elementor-widget-text-editor\" data-id=\"41fbad1\" data-element_type=\"widget\" data-e-type=\"widget\" data-widget_type=\"text-editor.default\">\n\t\t\t\t<div class=\"elementor-widget-container\">\n\t\t\t\t\t\t\t\t\t<p>Die richtigen Bohnen im richtigen Verh\u00e4ltnis zusammenzustellen, um einen guten und harmonischen Geschmack zu erzielen, ist wie das Komponieren einer Melodie.<\/p><p>Um dies zu verdeutlichen, sollten wir mit dem Unterschied zwischen Arabica und Robusta beginnen.<\/p><p>Die Unterschiede zwischen den beiden Sorten sind vielf\u00e4ltig und beginnen bei den Anbaugebieten und der Genetik und enden beim Geschmack. Arabica, der etwa 70 % des weltweit produzierten Kaffees ausmacht, wird fast ausschlie\u00dflich in den folgenden Gebieten angebaut:<\/p><ul><li>S\u00fcdamerika,<\/li><li>Mittelamerika,<\/li><li>Afrika: Kenia, \u00c4thiopien, usw.<\/li><\/ul><p>Arabica w\u00e4chst am besten in sehr hohen Lagen, zwischen 600 und 2.000 Metern \u00fcber dem Meeresspiegel, ben\u00f6tigt Niederschl\u00e4ge und bevorzugt mineralreiche B\u00f6den, vorzugsweise vulkanischen Ursprungs. Seine Bohnen sind l\u00e4nglich. Der Koffeingehalt ist wesentlich geringer als bei den anderen Sorten.<\/p><p>Robusta, so genannt, weil er besonders widerstandsf\u00e4hig gegen Insekten ist, wird dagegen meist in Westafrika (Kamerun, Elfenbeink\u00fcste) und im Fernen Osten (Vietnam und Indonesien) angebaut. Er w\u00e4chst in Gebieten mit niedrigeren H\u00f6henlagen und hoher Luftfeuchtigkeit. Die K\u00f6rner dieser Pflanze sind rundlich und haben eine fast gerade Rille.<\/p><p>Die beiden Pflanzen haben wenig oder gar nichts gemeinsam, und die Kreuzung der beiden Arten f\u00fchrt zu sterilen Hybriden. Da das Koffein die Funktion eines nat\u00fcrlichen &#8222;Insektizids&#8220; hat und die Pflanze vor Krankheiten sch\u00fctzt, ist der Arabica au\u00dferdem &#8222;angenehm und weich am Gaumen&#8220; als der Robusta.<\/p><p>Arabica enth\u00e4lt nicht nur weniger Koffein, sondern hat auch einen s\u00fc\u00dferen Grundgeschmack und einen h\u00f6heren S\u00e4uregehalt. Robusta hingegen ist aufgrund des h\u00f6heren Koffeingehalts ein vollmundigeres und etwas bittereres Getr\u00e4nk.<\/p>\t\t\t\t\t\t\t\t<\/div>\n\t\t\t\t<\/div>\n\t\t\t\t\t<\/div>\n\t\t<\/div>\n\t\t\t\t\t<\/div>\n\t\t<\/section>\n\t\t\t\t<section class=\"elementor-section elementor-inner-section elementor-element elementor-element-55b0cc5 elementor-section-boxed elementor-section-height-default elementor-section-height-default\" data-id=\"55b0cc5\" data-element_type=\"section\" data-e-type=\"section\">\n\t\t\t\t\t\t<div class=\"elementor-container elementor-column-gap-no\">\n\t\t\t\t\t<div class=\"elementor-column elementor-col-50 elementor-inner-column elementor-element elementor-element-9284678 elementor-invisible\" data-id=\"9284678\" data-element_type=\"column\" data-e-type=\"column\" data-settings=\"{&quot;animation&quot;:&quot;fadeInLeft&quot;}\">\n\t\t\t<div class=\"elementor-widget-wrap elementor-element-populated\">\n\t\t\t\t\t\t<div class=\"elementor-element elementor-element-5882fda elementor-widget elementor-widget-image\" data-id=\"5882fda\" data-element_type=\"widget\" data-e-type=\"widget\" data-widget_type=\"image.default\">\n\t\t\t\t<div class=\"elementor-widget-container\">\n\t\t\t\t\t\t\t\t\t\t\t\t\t\t\t<img fetchpriority=\"high\" decoding=\"async\" width=\"1024\" height=\"683\" src=\"https:\/\/i0.wp.com\/espressopapa.de\/wp-content\/uploads\/2023\/03\/coffee-origin-01.jpg?fit=1024%2C683&amp;ssl=1\" class=\"attachment-large size-large wp-image-1819\" alt=\"\" srcset=\"https:\/\/i0.wp.com\/espressopapa.de\/wp-content\/uploads\/2023\/03\/coffee-origin-01.jpg?w=1200&amp;ssl=1 1200w, https:\/\/i0.wp.com\/espressopapa.de\/wp-content\/uploads\/2023\/03\/coffee-origin-01.jpg?resize=300%2C200&amp;ssl=1 300w, https:\/\/i0.wp.com\/espressopapa.de\/wp-content\/uploads\/2023\/03\/coffee-origin-01.jpg?resize=1024%2C683&amp;ssl=1 1024w, https:\/\/i0.wp.com\/espressopapa.de\/wp-content\/uploads\/2023\/03\/coffee-origin-01.jpg?resize=768%2C512&amp;ssl=1 768w, https:\/\/i0.wp.com\/espressopapa.de\/wp-content\/uploads\/2023\/03\/coffee-origin-01.jpg?resize=900%2C600&amp;ssl=1 900w\" sizes=\"(max-width: 1024px) 100vw, 1024px\" \/>\t\t\t\t\t\t\t\t\t\t\t\t\t\t\t<\/div>\n\t\t\t\t<\/div>\n\t\t\t\t\t<\/div>\n\t\t<\/div>\n\t\t\t\t<div class=\"elementor-column elementor-col-50 elementor-inner-column elementor-element elementor-element-e7a22fd elementor-invisible\" data-id=\"e7a22fd\" data-element_type=\"column\" data-e-type=\"column\" data-settings=\"{&quot;animation&quot;:&quot;fadeInRight&quot;}\">\n\t\t\t<div class=\"elementor-widget-wrap elementor-element-populated\">\n\t\t\t\t\t\t<div class=\"elementor-element elementor-element-e10e6ac elementor-widget elementor-widget-image\" data-id=\"e10e6ac\" data-element_type=\"widget\" data-e-type=\"widget\" data-widget_type=\"image.default\">\n\t\t\t\t<div class=\"elementor-widget-container\">\n\t\t\t\t\t\t\t\t\t\t\t\t\t\t\t<img decoding=\"async\" width=\"1024\" height=\"683\" src=\"https:\/\/i0.wp.com\/espressopapa.de\/wp-content\/uploads\/2023\/03\/coffee-origin-02.jpg?fit=1024%2C683&amp;ssl=1\" class=\"attachment-large size-large wp-image-1820\" alt=\"\" srcset=\"https:\/\/i0.wp.com\/espressopapa.de\/wp-content\/uploads\/2023\/03\/coffee-origin-02.jpg?w=1200&amp;ssl=1 1200w, https:\/\/i0.wp.com\/espressopapa.de\/wp-content\/uploads\/2023\/03\/coffee-origin-02.jpg?resize=300%2C200&amp;ssl=1 300w, https:\/\/i0.wp.com\/espressopapa.de\/wp-content\/uploads\/2023\/03\/coffee-origin-02.jpg?resize=1024%2C683&amp;ssl=1 1024w, https:\/\/i0.wp.com\/espressopapa.de\/wp-content\/uploads\/2023\/03\/coffee-origin-02.jpg?resize=768%2C512&amp;ssl=1 768w, https:\/\/i0.wp.com\/espressopapa.de\/wp-content\/uploads\/2023\/03\/coffee-origin-02.jpg?resize=900%2C600&amp;ssl=1 900w\" sizes=\"(max-width: 1024px) 100vw, 1024px\" \/>\t\t\t\t\t\t\t\t\t\t\t\t\t\t\t<\/div>\n\t\t\t\t<\/div>\n\t\t\t\t\t<\/div>\n\t\t<\/div>\n\t\t\t\t\t<\/div>\n\t\t<\/section>\n\t\t\t\t<section class=\"elementor-section elementor-inner-section elementor-element elementor-element-43ffc1c elementor-section-boxed elementor-section-height-default elementor-section-height-default\" data-id=\"43ffc1c\" data-element_type=\"section\" data-e-type=\"section\">\n\t\t\t\t\t\t<div class=\"elementor-container elementor-column-gap-no\">\n\t\t\t\t\t<div class=\"elementor-column elementor-col-33 elementor-inner-column elementor-element elementor-element-e1fa7d8\" data-id=\"e1fa7d8\" data-element_type=\"column\" data-e-type=\"column\">\n\t\t\t<div class=\"elementor-widget-wrap elementor-element-populated\">\n\t\t\t\t\t\t<div class=\"elementor-element elementor-element-8351431 elementor-widget elementor-widget-heading\" data-id=\"8351431\" data-element_type=\"widget\" data-e-type=\"widget\" data-widget_type=\"heading.default\">\n\t\t\t\t<div class=\"elementor-widget-container\">\n\t\t\t\t\t<h3 class=\"elementor-heading-title elementor-size-default\">Was ist der beste Kaffee?<\/h3>\t\t\t\t<\/div>\n\t\t\t\t<\/div>\n\t\t\t\t\t<\/div>\n\t\t<\/div>\n\t\t\t\t<div class=\"elementor-column elementor-col-66 elementor-inner-column elementor-element elementor-element-e701950\" data-id=\"e701950\" data-element_type=\"column\" data-e-type=\"column\">\n\t\t\t<div class=\"elementor-widget-wrap elementor-element-populated\">\n\t\t\t\t\t\t<div class=\"elementor-element elementor-element-0bcbdcd elementor-widget elementor-widget-text-editor\" data-id=\"0bcbdcd\" data-element_type=\"widget\" data-e-type=\"widget\" data-widget_type=\"text-editor.default\">\n\t\t\t\t<div class=\"elementor-widget-container\">\n\t\t\t\t\t\t\t\t\t<p>Obwohl ein 100 %iger Arabica-Kaffee als &#8222;h\u00f6herwertig&#8220; gilt, sind Robusta-Mischungen, wenn sie sorgf\u00e4ltig ausgew\u00e4hlt werden, ihren Arabica-&#8222;Kollegen&#8220; nicht zu beneiden.<\/p><p>Unabh\u00e4ngig vom pers\u00f6nlichen Geschmack kann man sagen, dass Robusta-Kaffee die ideale Variante f\u00fcr diejenigen ist, die ein vollmundiges und cremiges Getr\u00e4nk m\u00f6gen, w\u00e4hrend Arabica-Kaffee eher von denjenigen bevorzugt wird, die einen milderen und s\u00fc\u00dferen Kaffee bevorzugen.<\/p>\t\t\t\t\t\t\t\t<\/div>\n\t\t\t\t<\/div>\n\t\t\t\t\t<\/div>\n\t\t<\/div>\n\t\t\t\t\t<\/div>\n\t\t<\/section>\n\t\t\t\t\t<\/div>\n\t\t<\/div>\n\t\t\t\t\t<\/div>\n\t\t<\/section>\n\t\t\t\t<\/div>\n\t\t","protected":false},"excerpt":{"rendered":"<p>Origin Erstellen einer Kaffeemischung ist ein heikler Job, der gro\u00dfe F\u00e4higkeiten erfordert. Die richtigen Bohnen im richtigen Verh\u00e4ltnis zusammenzustellen, um einen guten und harmonischen Geschmack zu erzielen, ist wie das Komponieren einer Melodie. Um dies zu verdeutlichen, sollten wir mit dem Unterschied zwischen Arabica und Robusta beginnen. Die Unterschiede zwischen den beiden Sorten sind vielf\u00e4ltig [&hellip;]<\/p>\n","protected":false},"author":1,"featured_media":1819,"parent":0,"menu_order":0,"comment_status":"closed","ping_status":"closed","template":"","meta":{"site-sidebar-layout":"no-sidebar","site-content-layout":"page-builder","ast-site-content-layout":"default","site-content-style":"default","site-sidebar-style":"default","ast-global-header-display":"","ast-banner-title-visibility":"","ast-main-header-display":"","ast-hfb-above-header-display":"","ast-hfb-below-header-display":"","ast-hfb-mobile-header-display":"","site-post-title":"disabled","ast-breadcrumbs-content":"disabled","ast-featured-img":"disabled","footer-sml-layout":"","ast-disable-related-posts":"","theme-transparent-header-meta":"default","adv-header-id-meta":"","stick-header-meta":"","header-above-stick-meta":"","header-main-stick-meta":"","header-below-stick-meta":"","astra-migrate-meta-layouts":"default","ast-page-background-enabled":"default","ast-page-background-meta":{"desktop":{"background-color":"var(--ast-global-color-4)","background-image":"","background-repeat":"repeat","background-position":"center center","background-size":"auto","background-attachment":"scroll","background-type":"","background-media":"","overlay-type":"","overlay-color":"","overlay-opacity":"","overlay-gradient":""},"tablet":{"background-color":"","background-image":"","background-repeat":"repeat","background-position":"center center","background-size":"auto","background-attachment":"scroll","background-type":"","background-media":"","overlay-type":"","overlay-color":"","overlay-opacity":"","overlay-gradient":""},"mobile":{"background-color":"","background-image":"","background-repeat":"repeat","background-position":"center center","background-size":"auto","background-attachment":"scroll","background-type":"","background-media":"","overlay-type":"","overlay-color":"","overlay-opacity":"","overlay-gradient":""}},"ast-content-background-meta":{"desktop":{"background-color":"var(--ast-global-color-5)","background-image":"","background-repeat":"repeat","background-position":"center center","background-size":"auto","background-attachment":"scroll","background-type":"","background-media":"","overlay-type":"","overlay-color":"","overlay-opacity":"","overlay-gradient":""},"tablet":{"background-color":"var(--ast-global-color-5)","background-image":"","background-repeat":"repeat","background-position":"center center","background-size":"auto","background-attachment":"scroll","background-type":"","background-media":"","overlay-type":"","overlay-color":"","overlay-opacity":"","overlay-gradient":""},"mobile":{"background-color":"var(--ast-global-color-5)","background-image":"","background-repeat":"repeat","background-position":"center center","background-size":"auto","background-attachment":"scroll","background-type":"","background-media":"","overlay-type":"","overlay-color":"","overlay-opacity":"","overlay-gradient":""}},"footnotes":""},"class_list":["post-1907","page","type-page","status-publish","has-post-thumbnail","hentry"],"yoast_head":"<!-- This site is optimized with the Yoast SEO plugin v27.4 - https:\/\/yoast.com\/product\/yoast-seo-wordpress\/ -->\n<title>Ursprung - EspressoPap\u00e0 - Handwerklicher Kaffee | Hergestellt in Italien<\/title>\n<meta name=\"description\" content=\"Das Erstellen einer Kaffeemischung ist eine heikle Aufgabe, die gro\u00dfe F\u00e4higkeiten erfordert. Entdecken Sie die Urspr\u00fcnge unseres Kaffees.\" \/>\n<meta name=\"robots\" content=\"index, follow, max-snippet:-1, max-image-preview:large, max-video-preview:-1\" \/>\n<link rel=\"canonical\" href=\"https:\/\/espressopapa.de\/de\/ursprung-kaffee\/\" \/>\n<meta property=\"og:locale\" content=\"de_DE\" \/>\n<meta property=\"og:type\" content=\"article\" \/>\n<meta property=\"og:title\" content=\"Ursprung - EspressoPap\u00e0 - Handwerklicher Kaffee | Hergestellt in Italien\" \/>\n<meta property=\"og:description\" content=\"Das Erstellen einer Kaffeemischung ist eine heikle Aufgabe, die gro\u00dfe F\u00e4higkeiten erfordert. Entdecken Sie die Urspr\u00fcnge unseres Kaffees.\" \/>\n<meta property=\"og:url\" content=\"https:\/\/espressopapa.de\/de\/ursprung-kaffee\/\" \/>\n<meta property=\"og:site_name\" content=\"EspressoPap\u00e0\" \/>\n<meta property=\"article:modified_time\" content=\"2023-04-17T08:26:20+00:00\" \/>\n<meta property=\"og:image\" content=\"https:\/\/i0.wp.com\/espressopapa.de\/wp-content\/uploads\/2023\/03\/coffee-origin-01.jpg?fit=1200%2C800&ssl=1\" \/>\n\t<meta property=\"og:image:width\" content=\"1200\" \/>\n\t<meta property=\"og:image:height\" content=\"800\" \/>\n\t<meta property=\"og:image:type\" content=\"image\/jpeg\" \/>\n<meta name=\"twitter:card\" content=\"summary_large_image\" \/>\n<meta name=\"twitter:label1\" content=\"Gesch\u00e4tzte Lesezeit\" \/>\n\t<meta name=\"twitter:data1\" content=\"3\u00a0Minuten\" \/>\n<script type=\"application\/ld+json\" class=\"yoast-schema-graph\">{\"@context\":\"https:\\\/\\\/schema.org\",\"@graph\":[{\"@type\":\"WebPage\",\"@id\":\"https:\\\/\\\/espressopapa.de\\\/de\\\/ursprung-kaffee\\\/\",\"url\":\"https:\\\/\\\/espressopapa.de\\\/de\\\/ursprung-kaffee\\\/\",\"name\":\"Ursprung - EspressoPap\u00e0 - Handwerklicher Kaffee | Hergestellt in Italien\",\"isPartOf\":{\"@id\":\"https:\\\/\\\/espressopapa.de\\\/de\\\/#website\"},\"primaryImageOfPage\":{\"@id\":\"https:\\\/\\\/espressopapa.de\\\/de\\\/ursprung-kaffee\\\/#primaryimage\"},\"image\":{\"@id\":\"https:\\\/\\\/espressopapa.de\\\/de\\\/ursprung-kaffee\\\/#primaryimage\"},\"thumbnailUrl\":\"https:\\\/\\\/i0.wp.com\\\/espressopapa.de\\\/wp-content\\\/uploads\\\/2023\\\/03\\\/coffee-origin-01.jpg?fit=1200%2C800&ssl=1\",\"datePublished\":\"2023-03-14T10:07:48+00:00\",\"dateModified\":\"2023-04-17T08:26:20+00:00\",\"description\":\"Das Erstellen einer Kaffeemischung ist eine heikle Aufgabe, die gro\u00dfe F\u00e4higkeiten erfordert. Entdecken Sie die Urspr\u00fcnge unseres Kaffees.\",\"breadcrumb\":{\"@id\":\"https:\\\/\\\/espressopapa.de\\\/de\\\/ursprung-kaffee\\\/#breadcrumb\"},\"inLanguage\":\"de\",\"potentialAction\":[{\"@type\":\"ReadAction\",\"target\":[\"https:\\\/\\\/espressopapa.de\\\/de\\\/ursprung-kaffee\\\/\"]}]},{\"@type\":\"ImageObject\",\"inLanguage\":\"de\",\"@id\":\"https:\\\/\\\/espressopapa.de\\\/de\\\/ursprung-kaffee\\\/#primaryimage\",\"url\":\"https:\\\/\\\/i0.wp.com\\\/espressopapa.de\\\/wp-content\\\/uploads\\\/2023\\\/03\\\/coffee-origin-01.jpg?fit=1200%2C800&ssl=1\",\"contentUrl\":\"https:\\\/\\\/i0.wp.com\\\/espressopapa.de\\\/wp-content\\\/uploads\\\/2023\\\/03\\\/coffee-origin-01.jpg?fit=1200%2C800&ssl=1\",\"width\":1200,\"height\":800},{\"@type\":\"BreadcrumbList\",\"@id\":\"https:\\\/\\\/espressopapa.de\\\/de\\\/ursprung-kaffee\\\/#breadcrumb\",\"itemListElement\":[{\"@type\":\"ListItem\",\"position\":1,\"name\":\"Home\",\"item\":\"https:\\\/\\\/espressopapa.de\\\/de\\\/\"},{\"@type\":\"ListItem\",\"position\":2,\"name\":\"Ursprung\"}]},{\"@type\":\"WebSite\",\"@id\":\"https:\\\/\\\/espressopapa.de\\\/de\\\/#website\",\"url\":\"https:\\\/\\\/espressopapa.de\\\/de\\\/\",\"name\":\"EspressoPap\u00e0\",\"description\":\"Artisan Coffee | Made in Italy\",\"publisher\":{\"@id\":\"https:\\\/\\\/espressopapa.de\\\/de\\\/#organization\"},\"potentialAction\":[{\"@type\":\"SearchAction\",\"target\":{\"@type\":\"EntryPoint\",\"urlTemplate\":\"https:\\\/\\\/espressopapa.de\\\/de\\\/?s={search_term_string}\"},\"query-input\":{\"@type\":\"PropertyValueSpecification\",\"valueRequired\":true,\"valueName\":\"search_term_string\"}}],\"inLanguage\":\"de\"},{\"@type\":\"Organization\",\"@id\":\"https:\\\/\\\/espressopapa.de\\\/de\\\/#organization\",\"name\":\"EspressoPap\u00e0\",\"url\":\"https:\\\/\\\/espressopapa.de\\\/de\\\/\",\"logo\":{\"@type\":\"ImageObject\",\"inLanguage\":\"de\",\"@id\":\"https:\\\/\\\/espressopapa.de\\\/de\\\/#\\\/schema\\\/logo\\\/image\\\/\",\"url\":\"https:\\\/\\\/espressopapa.de\\\/wp-content\\\/uploads\\\/2023\\\/03\\\/espressopapa-logo-bianco.svg\",\"contentUrl\":\"https:\\\/\\\/espressopapa.de\\\/wp-content\\\/uploads\\\/2023\\\/03\\\/espressopapa-logo-bianco.svg\",\"width\":245,\"height\":338,\"caption\":\"EspressoPap\u00e0\"},\"image\":{\"@id\":\"https:\\\/\\\/espressopapa.de\\\/de\\\/#\\\/schema\\\/logo\\\/image\\\/\"}}]}<\/script>\n<!-- \/ Yoast SEO plugin. -->","yoast_head_json":{"title":"Ursprung - EspressoPap\u00e0 - Handwerklicher Kaffee | Hergestellt in Italien","description":"Das Erstellen einer Kaffeemischung ist eine heikle Aufgabe, die gro\u00dfe F\u00e4higkeiten erfordert. Entdecken Sie die Urspr\u00fcnge unseres Kaffees.","robots":{"index":"index","follow":"follow","max-snippet":"max-snippet:-1","max-image-preview":"max-image-preview:large","max-video-preview":"max-video-preview:-1"},"canonical":"https:\/\/espressopapa.de\/de\/ursprung-kaffee\/","og_locale":"de_DE","og_type":"article","og_title":"Ursprung - EspressoPap\u00e0 - Handwerklicher Kaffee | Hergestellt in Italien","og_description":"Das Erstellen einer Kaffeemischung ist eine heikle Aufgabe, die gro\u00dfe F\u00e4higkeiten erfordert. Entdecken Sie die Urspr\u00fcnge unseres Kaffees.","og_url":"https:\/\/espressopapa.de\/de\/ursprung-kaffee\/","og_site_name":"EspressoPap\u00e0","article_modified_time":"2023-04-17T08:26:20+00:00","og_image":[{"width":1200,"height":800,"url":"https:\/\/i0.wp.com\/espressopapa.de\/wp-content\/uploads\/2023\/03\/coffee-origin-01.jpg?fit=1200%2C800&ssl=1","type":"image\/jpeg"}],"twitter_card":"summary_large_image","twitter_misc":{"Gesch\u00e4tzte Lesezeit":"3\u00a0Minuten"},"schema":{"@context":"https:\/\/schema.org","@graph":[{"@type":"WebPage","@id":"https:\/\/espressopapa.de\/de\/ursprung-kaffee\/","url":"https:\/\/espressopapa.de\/de\/ursprung-kaffee\/","name":"Ursprung - EspressoPap\u00e0 - Handwerklicher Kaffee | Hergestellt in Italien","isPartOf":{"@id":"https:\/\/espressopapa.de\/de\/#website"},"primaryImageOfPage":{"@id":"https:\/\/espressopapa.de\/de\/ursprung-kaffee\/#primaryimage"},"image":{"@id":"https:\/\/espressopapa.de\/de\/ursprung-kaffee\/#primaryimage"},"thumbnailUrl":"https:\/\/i0.wp.com\/espressopapa.de\/wp-content\/uploads\/2023\/03\/coffee-origin-01.jpg?fit=1200%2C800&ssl=1","datePublished":"2023-03-14T10:07:48+00:00","dateModified":"2023-04-17T08:26:20+00:00","description":"Das Erstellen einer Kaffeemischung ist eine heikle Aufgabe, die gro\u00dfe F\u00e4higkeiten erfordert. Entdecken Sie die Urspr\u00fcnge unseres Kaffees.","breadcrumb":{"@id":"https:\/\/espressopapa.de\/de\/ursprung-kaffee\/#breadcrumb"},"inLanguage":"de","potentialAction":[{"@type":"ReadAction","target":["https:\/\/espressopapa.de\/de\/ursprung-kaffee\/"]}]},{"@type":"ImageObject","inLanguage":"de","@id":"https:\/\/espressopapa.de\/de\/ursprung-kaffee\/#primaryimage","url":"https:\/\/i0.wp.com\/espressopapa.de\/wp-content\/uploads\/2023\/03\/coffee-origin-01.jpg?fit=1200%2C800&ssl=1","contentUrl":"https:\/\/i0.wp.com\/espressopapa.de\/wp-content\/uploads\/2023\/03\/coffee-origin-01.jpg?fit=1200%2C800&ssl=1","width":1200,"height":800},{"@type":"BreadcrumbList","@id":"https:\/\/espressopapa.de\/de\/ursprung-kaffee\/#breadcrumb","itemListElement":[{"@type":"ListItem","position":1,"name":"Home","item":"https:\/\/espressopapa.de\/de\/"},{"@type":"ListItem","position":2,"name":"Ursprung"}]},{"@type":"WebSite","@id":"https:\/\/espressopapa.de\/de\/#website","url":"https:\/\/espressopapa.de\/de\/","name":"EspressoPap\u00e0","description":"Artisan Coffee | Made in Italy","publisher":{"@id":"https:\/\/espressopapa.de\/de\/#organization"},"potentialAction":[{"@type":"SearchAction","target":{"@type":"EntryPoint","urlTemplate":"https:\/\/espressopapa.de\/de\/?s={search_term_string}"},"query-input":{"@type":"PropertyValueSpecification","valueRequired":true,"valueName":"search_term_string"}}],"inLanguage":"de"},{"@type":"Organization","@id":"https:\/\/espressopapa.de\/de\/#organization","name":"EspressoPap\u00e0","url":"https:\/\/espressopapa.de\/de\/","logo":{"@type":"ImageObject","inLanguage":"de","@id":"https:\/\/espressopapa.de\/de\/#\/schema\/logo\/image\/","url":"https:\/\/espressopapa.de\/wp-content\/uploads\/2023\/03\/espressopapa-logo-bianco.svg","contentUrl":"https:\/\/espressopapa.de\/wp-content\/uploads\/2023\/03\/espressopapa-logo-bianco.svg","width":245,"height":338,"caption":"EspressoPap\u00e0"},"image":{"@id":"https:\/\/espressopapa.de\/de\/#\/schema\/logo\/image\/"}}]}},"jetpack_sharing_enabled":true,"_links":{"self":[{"href":"https:\/\/espressopapa.de\/de\/wp-json\/wp\/v2\/pages\/1907","targetHints":{"allow":["GET"]}}],"collection":[{"href":"https:\/\/espressopapa.de\/de\/wp-json\/wp\/v2\/pages"}],"about":[{"href":"https:\/\/espressopapa.de\/de\/wp-json\/wp\/v2\/types\/page"}],"author":[{"embeddable":true,"href":"https:\/\/espressopapa.de\/de\/wp-json\/wp\/v2\/users\/1"}],"replies":[{"embeddable":true,"href":"https:\/\/espressopapa.de\/de\/wp-json\/wp\/v2\/comments?post=1907"}],"version-history":[{"count":12,"href":"https:\/\/espressopapa.de\/de\/wp-json\/wp\/v2\/pages\/1907\/revisions"}],"predecessor-version":[{"id":2159,"href":"https:\/\/espressopapa.de\/de\/wp-json\/wp\/v2\/pages\/1907\/revisions\/2159"}],"wp:featuredmedia":[{"embeddable":true,"href":"https:\/\/espressopapa.de\/de\/wp-json\/wp\/v2\/media\/1819"}],"wp:attachment":[{"href":"https:\/\/espressopapa.de\/de\/wp-json\/wp\/v2\/media?parent=1907"}],"curies":[{"name":"wp","href":"https:\/\/api.w.org\/{rel}","templated":true}]}}