{"id":1859,"date":"2023-03-17T11:39:26","date_gmt":"2023-03-17T11:39:26","guid":{"rendered":"https:\/\/espressopapa.de\/?page_id=1859"},"modified":"2023-04-14T08:42:23","modified_gmt":"2023-04-14T08:42:23","slug":"uber-uns","status":"publish","type":"page","link":"https:\/\/espressopapa.de\/de\/uber-uns\/","title":{"rendered":"Uber Uns"},"content":{"rendered":"\t\t<div data-elementor-type=\"wp-page\" data-elementor-id=\"1859\" class=\"elementor elementor-1859 elementor-1858\" data-elementor-post-type=\"page\">\n\t\t\t\t\t\t<section class=\"elementor-section elementor-top-section elementor-element elementor-element-95eebdf elementor-section-boxed elementor-section-height-default elementor-section-height-default\" data-id=\"95eebdf\" data-element_type=\"section\" data-e-type=\"section\" data-settings=\"{&quot;background_background&quot;:&quot;classic&quot;}\">\n\t\t\t\t\t\t<div class=\"elementor-container elementor-column-gap-no\">\n\t\t\t\t\t<div class=\"elementor-column elementor-col-100 elementor-top-column elementor-element elementor-element-3700ce5\" data-id=\"3700ce5\" data-element_type=\"column\" data-e-type=\"column\">\n\t\t\t<div class=\"elementor-widget-wrap elementor-element-populated\">\n\t\t\t\t\t\t<section class=\"elementor-section elementor-inner-section elementor-element elementor-element-ebc51e3 elementor-section-boxed elementor-section-height-default elementor-section-height-default\" data-id=\"ebc51e3\" data-element_type=\"section\" data-e-type=\"section\">\n\t\t\t\t\t\t<div class=\"elementor-container elementor-column-gap-no\">\n\t\t\t\t\t<div class=\"elementor-column elementor-col-33 elementor-inner-column elementor-element elementor-element-caa43ea\" data-id=\"caa43ea\" data-element_type=\"column\" data-e-type=\"column\">\n\t\t\t<div class=\"elementor-widget-wrap elementor-element-populated\">\n\t\t\t\t\t\t<div class=\"elementor-element elementor-element-4e4a19d elementor-invisible elementor-widget elementor-widget-heading\" data-id=\"4e4a19d\" data-element_type=\"widget\" data-e-type=\"widget\" data-settings=\"{&quot;_animation&quot;:&quot;fadeInLeft&quot;}\" data-widget_type=\"heading.default\">\n\t\t\t\t<div class=\"elementor-widget-container\">\n\t\t\t\t\t<h2 class=\"elementor-heading-title elementor-size-default\">Uber uns <\/h2>\t\t\t\t<\/div>\n\t\t\t\t<\/div>\n\t\t\t\t\t<\/div>\n\t\t<\/div>\n\t\t\t\t<div class=\"elementor-column elementor-col-66 elementor-inner-column elementor-element elementor-element-fc22abd elementor-invisible\" data-id=\"fc22abd\" data-element_type=\"column\" data-e-type=\"column\" data-settings=\"{&quot;animation&quot;:&quot;fadeInRight&quot;}\">\n\t\t\t<div class=\"elementor-widget-wrap elementor-element-populated\">\n\t\t\t\t\t\t<div class=\"elementor-element elementor-element-c80e5db elementor-widget-divider--view-line elementor-widget elementor-widget-divider\" data-id=\"c80e5db\" data-element_type=\"widget\" data-e-type=\"widget\" data-widget_type=\"divider.default\">\n\t\t\t\t<div class=\"elementor-widget-container\">\n\t\t\t\t\t\t\t<div class=\"elementor-divider\">\n\t\t\t<span class=\"elementor-divider-separator\">\n\t\t\t\t\t\t<\/span>\n\t\t<\/div>\n\t\t\t\t\t\t<\/div>\n\t\t\t\t<\/div>\n\t\t\t\t<div class=\"elementor-element elementor-element-da46fbf elementor-widget elementor-widget-heading\" data-id=\"da46fbf\" data-element_type=\"widget\" data-e-type=\"widget\" data-widget_type=\"heading.default\">\n\t\t\t\t<div class=\"elementor-widget-container\">\n\t\t\t\t\t<h1 class=\"elementor-heading-title elementor-size-default\">EspressoPap\u00e0 ist meine Idee der Kaffee Erziehung.<\/h1>\t\t\t\t<\/div>\n\t\t\t\t<\/div>\n\t\t\t\t<div class=\"elementor-element elementor-element-41fbad1 elementor-widget elementor-widget-text-editor\" data-id=\"41fbad1\" data-element_type=\"widget\" data-e-type=\"widget\" data-widget_type=\"text-editor.default\">\n\t\t\t\t<div class=\"elementor-widget-container\">\n\t\t\t\t\t\t\t\t\t<p>Ich bin ein italienischer Unternehmer, ich lebe seit 8 Jahren in Deutschland mit meiner Familie, die immer gr\u00f6\u00dfer wird.<\/p><p>Ich liebe Italien, ich liebe Kaffee und ich liebe meine Kinder. Espresso papa ist f\u00fcr mich die Synthese aller guten Dinge.<\/p>\t\t\t\t\t\t\t\t<\/div>\n\t\t\t\t<\/div>\n\t\t\t\t\t<\/div>\n\t\t<\/div>\n\t\t\t\t\t<\/div>\n\t\t<\/section>\n\t\t\t\t<div class=\"elementor-element elementor-element-b0188bd elementor-invisible elementor-widget elementor-widget-image\" data-id=\"b0188bd\" data-element_type=\"widget\" data-e-type=\"widget\" data-settings=\"{&quot;_animation&quot;:&quot;fadeIn&quot;}\" data-widget_type=\"image.default\">\n\t\t\t\t<div class=\"elementor-widget-container\">\n\t\t\t\t\t\t\t\t\t\t\t\t\t\t\t<img fetchpriority=\"high\" decoding=\"async\" width=\"1600\" height=\"1055\" src=\"https:\/\/i0.wp.com\/espressopapa.de\/wp-content\/uploads\/2023\/03\/about-up-espressopapa.jpg?fit=1600%2C1055&amp;ssl=1\" class=\"attachment-full size-full wp-image-1807\" alt=\"\" srcset=\"https:\/\/i0.wp.com\/espressopapa.de\/wp-content\/uploads\/2023\/03\/about-up-espressopapa.jpg?w=1600&amp;ssl=1 1600w, https:\/\/i0.wp.com\/espressopapa.de\/wp-content\/uploads\/2023\/03\/about-up-espressopapa.jpg?resize=300%2C198&amp;ssl=1 300w, https:\/\/i0.wp.com\/espressopapa.de\/wp-content\/uploads\/2023\/03\/about-up-espressopapa.jpg?resize=1024%2C675&amp;ssl=1 1024w, https:\/\/i0.wp.com\/espressopapa.de\/wp-content\/uploads\/2023\/03\/about-up-espressopapa.jpg?resize=768%2C506&amp;ssl=1 768w, https:\/\/i0.wp.com\/espressopapa.de\/wp-content\/uploads\/2023\/03\/about-up-espressopapa.jpg?resize=1536%2C1013&amp;ssl=1 1536w, https:\/\/i0.wp.com\/espressopapa.de\/wp-content\/uploads\/2023\/03\/about-up-espressopapa.jpg?resize=900%2C593&amp;ssl=1 900w\" sizes=\"(max-width: 1200px) 100vw, 1200px\" \/>\t\t\t\t\t\t\t\t\t\t\t\t\t\t\t<\/div>\n\t\t\t\t<\/div>\n\t\t\t\t<section class=\"elementor-section elementor-inner-section elementor-element elementor-element-55b0cc5 elementor-section-boxed elementor-section-height-default elementor-section-height-default\" data-id=\"55b0cc5\" data-element_type=\"section\" data-e-type=\"section\">\n\t\t\t\t\t\t<div class=\"elementor-container elementor-column-gap-no\">\n\t\t\t\t\t<div class=\"elementor-column elementor-col-33 elementor-inner-column elementor-element elementor-element-e7a22fd elementor-invisible\" data-id=\"e7a22fd\" data-element_type=\"column\" data-e-type=\"column\" data-settings=\"{&quot;animation&quot;:&quot;fadeInLeft&quot;}\">\n\t\t\t<div class=\"elementor-widget-wrap elementor-element-populated\">\n\t\t\t\t\t\t<div class=\"elementor-element elementor-element-843a15a elementor-widget elementor-widget-heading\" data-id=\"843a15a\" data-element_type=\"widget\" data-e-type=\"widget\" data-widget_type=\"heading.default\">\n\t\t\t\t<div class=\"elementor-widget-container\">\n\t\t\t\t\t<h3 class=\"elementor-heading-title elementor-size-default\">MEINE VORSTELLUNG\nVON KAFFEE<\/h3>\t\t\t\t<\/div>\n\t\t\t\t<\/div>\n\t\t\t\t\t<\/div>\n\t\t<\/div>\n\t\t\t\t<div class=\"elementor-column elementor-col-66 elementor-inner-column elementor-element elementor-element-c1e118e elementor-invisible\" data-id=\"c1e118e\" data-element_type=\"column\" data-e-type=\"column\" data-settings=\"{&quot;animation&quot;:&quot;fadeInRight&quot;}\">\n\t\t\t<div class=\"elementor-widget-wrap elementor-element-populated\">\n\t\t\t\t\t\t<div class=\"elementor-element elementor-element-600e890 elementor-widget elementor-widget-text-editor\" data-id=\"600e890\" data-element_type=\"widget\" data-e-type=\"widget\" data-widget_type=\"text-editor.default\">\n\t\t\t\t<div class=\"elementor-widget-container\">\n\t\t\t\t\t\t\t\t\t<p>Ich habe f\u00fcr Sie meine Lieblings Mischungen ausgew\u00e4hlt, handger\u00f6stet nach \u00fcberlieferten Rezepten von 3 R\u00f6stern.<\/p><p>Ich m\u00f6chte Ihnen nur Kaffees anbieten, der mit Respekt vor der Natur und den Menschen angebaut werden, der in Italien mit Sorgfalt und Leidenschaft hergestellt werden und ein Produkt dass, das Ergebnis eines klaren und sorgf\u00e4ltigen Prozesses ist.<\/p><p><strong>Ich wei\u00df, dass ich mit meinen Mischungen ein Erlebnis bieten kann, bei dem man die Augen schlie\u00dft und Italien sp\u00fcrt.<\/strong><\/p>\t\t\t\t\t\t\t\t<\/div>\n\t\t\t\t<\/div>\n\t\t\t\t<div class=\"elementor-element elementor-element-b442604 elementor-view-default elementor-widget elementor-widget-icon\" data-id=\"b442604\" data-element_type=\"widget\" data-e-type=\"widget\" data-widget_type=\"icon.default\">\n\t\t\t\t<div class=\"elementor-widget-container\">\n\t\t\t\t\t\t\t<div class=\"elementor-icon-wrapper\">\n\t\t\t<div class=\"elementor-icon\">\n\t\t\t<i aria-hidden=\"true\" class=\"fas fa-quote-left\"><\/i>\t\t\t<\/div>\n\t\t<\/div>\n\t\t\t\t\t\t<\/div>\n\t\t\t\t<\/div>\n\t\t\t\t<div class=\"elementor-element elementor-element-74ac355 elementor-widget elementor-widget-testimonial\" data-id=\"74ac355\" data-element_type=\"widget\" data-e-type=\"widget\" data-widget_type=\"testimonial.default\">\n\t\t\t\t<div class=\"elementor-widget-container\">\n\t\t\t\t\t\t\t<div class=\"elementor-testimonial-wrapper\">\n\t\t\t\t\t\t\t<div class=\"elementor-testimonial-content\">Kaffee ist Balsam f\u00fcr Herz und Seele.<\/div>\n\t\t\t\n\t\t\t\t\t\t<div class=\"elementor-testimonial-meta\">\n\t\t\t\t<div class=\"elementor-testimonial-meta-inner\">\n\t\t\t\t\t\n\t\t\t\t\t\t\t\t\t\t<div class=\"elementor-testimonial-details\">\n\t\t\t\t\t\t\t\t\t\t\t\t\t\t<div class=\"elementor-testimonial-name\">Giuseppe Verdi<\/div>\n\t\t\t\t\t\t\t\t\t\t\t\t\t\t\t\t\t\t\t<\/div>\n\t\t\t\t\t\t\t\t\t<\/div>\n\t\t\t<\/div>\n\t\t\t\t\t<\/div>\n\t\t\t\t\t\t<\/div>\n\t\t\t\t<\/div>\n\t\t\t\t<div class=\"elementor-element elementor-element-f2537d6 elementor-view-default elementor-widget elementor-widget-icon\" data-id=\"f2537d6\" data-element_type=\"widget\" data-e-type=\"widget\" data-widget_type=\"icon.default\">\n\t\t\t\t<div class=\"elementor-widget-container\">\n\t\t\t\t\t\t\t<div class=\"elementor-icon-wrapper\">\n\t\t\t<div class=\"elementor-icon\">\n\t\t\t<i aria-hidden=\"true\" class=\"fas fa-quote-right\"><\/i>\t\t\t<\/div>\n\t\t<\/div>\n\t\t\t\t\t\t<\/div>\n\t\t\t\t<\/div>\n\t\t\t\t\t<\/div>\n\t\t<\/div>\n\t\t\t\t\t<\/div>\n\t\t<\/section>\n\t\t\t\t\t<\/div>\n\t\t<\/div>\n\t\t\t\t\t<\/div>\n\t\t<\/section>\n\t\t\t\t<\/div>\n\t\t","protected":false},"excerpt":{"rendered":"<p>Uber uns EspressoPap\u00e0 ist meine Idee der Kaffee Erziehung. Ich bin ein italienischer Unternehmer, ich lebe seit 8 Jahren in Deutschland mit meiner Familie, die immer gr\u00f6\u00dfer wird. Ich liebe Italien, ich liebe Kaffee und ich liebe meine Kinder. Espresso papa ist f\u00fcr mich die Synthese aller guten Dinge. MEINE VORSTELLUNG VON KAFFEE Ich habe [&hellip;]<\/p>\n","protected":false},"author":1,"featured_media":1819,"parent":0,"menu_order":0,"comment_status":"closed","ping_status":"closed","template":"","meta":{"site-sidebar-layout":"no-sidebar","site-content-layout":"page-builder","ast-site-content-layout":"default","site-content-style":"default","site-sidebar-style":"default","ast-global-header-display":"","ast-banner-title-visibility":"","ast-main-header-display":"","ast-hfb-above-header-display":"","ast-hfb-below-header-display":"","ast-hfb-mobile-header-display":"","site-post-title":"disabled","ast-breadcrumbs-content":"disabled","ast-featured-img":"disabled","footer-sml-layout":"","ast-disable-related-posts":"","theme-transparent-header-meta":"default","adv-header-id-meta":"","stick-header-meta":"","header-above-stick-meta":"","header-main-stick-meta":"","header-below-stick-meta":"","astra-migrate-meta-layouts":"default","ast-page-background-enabled":"default","ast-page-background-meta":{"desktop":{"background-color":"var(--ast-global-color-4)","background-image":"","background-repeat":"repeat","background-position":"center center","background-size":"auto","background-attachment":"scroll","background-type":"","background-media":"","overlay-type":"","overlay-color":"","overlay-opacity":"","overlay-gradient":""},"tablet":{"background-color":"","background-image":"","background-repeat":"repeat","background-position":"center center","background-size":"auto","background-attachment":"scroll","background-type":"","background-media":"","overlay-type":"","overlay-color":"","overlay-opacity":"","overlay-gradient":""},"mobile":{"background-color":"","background-image":"","background-repeat":"repeat","background-position":"center center","background-size":"auto","background-attachment":"scroll","background-type":"","background-media":"","overlay-type":"","overlay-color":"","overlay-opacity":"","overlay-gradient":""}},"ast-content-background-meta":{"desktop":{"background-color":"var(--ast-global-color-5)","background-image":"","background-repeat":"repeat","background-position":"center center","background-size":"auto","background-attachment":"scroll","background-type":"","background-media":"","overlay-type":"","overlay-color":"","overlay-opacity":"","overlay-gradient":""},"tablet":{"background-color":"var(--ast-global-color-5)","background-image":"","background-repeat":"repeat","background-position":"center center","background-size":"auto","background-attachment":"scroll","background-type":"","background-media":"","overlay-type":"","overlay-color":"","overlay-opacity":"","overlay-gradient":""},"mobile":{"background-color":"var(--ast-global-color-5)","background-image":"","background-repeat":"repeat","background-position":"center center","background-size":"auto","background-attachment":"scroll","background-type":"","background-media":"","overlay-type":"","overlay-color":"","overlay-opacity":"","overlay-gradient":""}},"footnotes":""},"class_list":["post-1859","page","type-page","status-publish","has-post-thumbnail","hentry"],"yoast_head":"<!-- This site is optimized with the Yoast SEO plugin v27.4 - https:\/\/yoast.com\/product\/yoast-seo-wordpress\/ -->\n<title>Uber Uns - EspressoPap\u00e0 - Handwerklicher Kaffee | Hergestellt in Italien<\/title>\n<meta name=\"description\" content=\"EspressoPap\u00e0 ist meine Vorstellung von Kaffeeerziehung. Ich habe f\u00fcr Sie meine Lieblingsmischungen ausgew\u00e4hlt, handger\u00f6stet nach Rezepten, die von 3 R\u00f6stern \u00fcberliefert wurden.\" \/>\n<meta name=\"robots\" content=\"index, follow, max-snippet:-1, max-image-preview:large, max-video-preview:-1\" \/>\n<link rel=\"canonical\" href=\"https:\/\/espressopapa.de\/de\/uber-uns\/\" \/>\n<meta property=\"og:locale\" content=\"de_DE\" \/>\n<meta property=\"og:type\" content=\"article\" \/>\n<meta property=\"og:title\" content=\"Uber Uns - EspressoPap\u00e0 - Handwerklicher Kaffee | Hergestellt in Italien\" \/>\n<meta property=\"og:description\" content=\"EspressoPap\u00e0 ist meine Vorstellung von Kaffeeerziehung. Ich habe f\u00fcr Sie meine Lieblingsmischungen ausgew\u00e4hlt, handger\u00f6stet nach Rezepten, die von 3 R\u00f6stern \u00fcberliefert wurden.\" \/>\n<meta property=\"og:url\" content=\"https:\/\/espressopapa.de\/de\/uber-uns\/\" \/>\n<meta property=\"og:site_name\" content=\"EspressoPap\u00e0\" \/>\n<meta property=\"article:modified_time\" content=\"2023-04-14T08:42:23+00:00\" \/>\n<meta property=\"og:image\" content=\"https:\/\/i0.wp.com\/espressopapa.de\/wp-content\/uploads\/2023\/03\/espressopapa-social-preview.jpg?fit=1200%2C630&ssl=1\" \/>\n\t<meta property=\"og:image:width\" content=\"1200\" \/>\n\t<meta property=\"og:image:height\" content=\"630\" \/>\n\t<meta property=\"og:image:type\" content=\"image\/jpeg\" \/>\n<meta name=\"twitter:card\" content=\"summary_large_image\" \/>\n<meta name=\"twitter:label1\" content=\"Gesch\u00e4tzte Lesezeit\" \/>\n\t<meta name=\"twitter:data1\" content=\"1\u00a0Minute\" \/>\n<script type=\"application\/ld+json\" class=\"yoast-schema-graph\">{\"@context\":\"https:\\\/\\\/schema.org\",\"@graph\":[{\"@type\":\"WebPage\",\"@id\":\"https:\\\/\\\/espressopapa.de\\\/de\\\/uber-uns\\\/\",\"url\":\"https:\\\/\\\/espressopapa.de\\\/de\\\/uber-uns\\\/\",\"name\":\"Uber Uns - EspressoPap\u00e0 - Handwerklicher Kaffee | Hergestellt in Italien\",\"isPartOf\":{\"@id\":\"https:\\\/\\\/espressopapa.de\\\/de\\\/#website\"},\"primaryImageOfPage\":{\"@id\":\"https:\\\/\\\/espressopapa.de\\\/de\\\/uber-uns\\\/#primaryimage\"},\"image\":{\"@id\":\"https:\\\/\\\/espressopapa.de\\\/de\\\/uber-uns\\\/#primaryimage\"},\"thumbnailUrl\":\"https:\\\/\\\/i0.wp.com\\\/espressopapa.de\\\/wp-content\\\/uploads\\\/2023\\\/03\\\/coffee-origin-01.jpg?fit=1200%2C800&ssl=1\",\"datePublished\":\"2023-03-17T11:39:26+00:00\",\"dateModified\":\"2023-04-14T08:42:23+00:00\",\"description\":\"EspressoPap\u00e0 ist meine Vorstellung von Kaffeeerziehung. Ich habe f\u00fcr Sie meine Lieblingsmischungen ausgew\u00e4hlt, handger\u00f6stet nach Rezepten, die von 3 R\u00f6stern \u00fcberliefert wurden.\",\"breadcrumb\":{\"@id\":\"https:\\\/\\\/espressopapa.de\\\/de\\\/uber-uns\\\/#breadcrumb\"},\"inLanguage\":\"de\",\"potentialAction\":[{\"@type\":\"ReadAction\",\"target\":[\"https:\\\/\\\/espressopapa.de\\\/de\\\/uber-uns\\\/\"]}]},{\"@type\":\"ImageObject\",\"inLanguage\":\"de\",\"@id\":\"https:\\\/\\\/espressopapa.de\\\/de\\\/uber-uns\\\/#primaryimage\",\"url\":\"https:\\\/\\\/i0.wp.com\\\/espressopapa.de\\\/wp-content\\\/uploads\\\/2023\\\/03\\\/coffee-origin-01.jpg?fit=1200%2C800&ssl=1\",\"contentUrl\":\"https:\\\/\\\/i0.wp.com\\\/espressopapa.de\\\/wp-content\\\/uploads\\\/2023\\\/03\\\/coffee-origin-01.jpg?fit=1200%2C800&ssl=1\",\"width\":1200,\"height\":800},{\"@type\":\"BreadcrumbList\",\"@id\":\"https:\\\/\\\/espressopapa.de\\\/de\\\/uber-uns\\\/#breadcrumb\",\"itemListElement\":[{\"@type\":\"ListItem\",\"position\":1,\"name\":\"Home\",\"item\":\"https:\\\/\\\/espressopapa.de\\\/de\\\/\"},{\"@type\":\"ListItem\",\"position\":2,\"name\":\"Uber Uns\"}]},{\"@type\":\"WebSite\",\"@id\":\"https:\\\/\\\/espressopapa.de\\\/de\\\/#website\",\"url\":\"https:\\\/\\\/espressopapa.de\\\/de\\\/\",\"name\":\"EspressoPap\u00e0\",\"description\":\"Artisan Coffee | Made in Italy\",\"publisher\":{\"@id\":\"https:\\\/\\\/espressopapa.de\\\/de\\\/#organization\"},\"potentialAction\":[{\"@type\":\"SearchAction\",\"target\":{\"@type\":\"EntryPoint\",\"urlTemplate\":\"https:\\\/\\\/espressopapa.de\\\/de\\\/?s={search_term_string}\"},\"query-input\":{\"@type\":\"PropertyValueSpecification\",\"valueRequired\":true,\"valueName\":\"search_term_string\"}}],\"inLanguage\":\"de\"},{\"@type\":\"Organization\",\"@id\":\"https:\\\/\\\/espressopapa.de\\\/de\\\/#organization\",\"name\":\"EspressoPap\u00e0\",\"url\":\"https:\\\/\\\/espressopapa.de\\\/de\\\/\",\"logo\":{\"@type\":\"ImageObject\",\"inLanguage\":\"de\",\"@id\":\"https:\\\/\\\/espressopapa.de\\\/de\\\/#\\\/schema\\\/logo\\\/image\\\/\",\"url\":\"https:\\\/\\\/espressopapa.de\\\/wp-content\\\/uploads\\\/2023\\\/03\\\/espressopapa-logo-bianco.svg\",\"contentUrl\":\"https:\\\/\\\/espressopapa.de\\\/wp-content\\\/uploads\\\/2023\\\/03\\\/espressopapa-logo-bianco.svg\",\"width\":245,\"height\":338,\"caption\":\"EspressoPap\u00e0\"},\"image\":{\"@id\":\"https:\\\/\\\/espressopapa.de\\\/de\\\/#\\\/schema\\\/logo\\\/image\\\/\"}}]}<\/script>\n<!-- \/ Yoast SEO plugin. -->","yoast_head_json":{"title":"Uber Uns - EspressoPap\u00e0 - Handwerklicher Kaffee | Hergestellt in Italien","description":"EspressoPap\u00e0 ist meine Vorstellung von Kaffeeerziehung. Ich habe f\u00fcr Sie meine Lieblingsmischungen ausgew\u00e4hlt, handger\u00f6stet nach Rezepten, die von 3 R\u00f6stern \u00fcberliefert wurden.","robots":{"index":"index","follow":"follow","max-snippet":"max-snippet:-1","max-image-preview":"max-image-preview:large","max-video-preview":"max-video-preview:-1"},"canonical":"https:\/\/espressopapa.de\/de\/uber-uns\/","og_locale":"de_DE","og_type":"article","og_title":"Uber Uns - EspressoPap\u00e0 - Handwerklicher Kaffee | Hergestellt in Italien","og_description":"EspressoPap\u00e0 ist meine Vorstellung von Kaffeeerziehung. Ich habe f\u00fcr Sie meine Lieblingsmischungen ausgew\u00e4hlt, handger\u00f6stet nach Rezepten, die von 3 R\u00f6stern \u00fcberliefert wurden.","og_url":"https:\/\/espressopapa.de\/de\/uber-uns\/","og_site_name":"EspressoPap\u00e0","article_modified_time":"2023-04-14T08:42:23+00:00","og_image":[{"width":1200,"height":630,"url":"https:\/\/i0.wp.com\/espressopapa.de\/wp-content\/uploads\/2023\/03\/espressopapa-social-preview.jpg?fit=1200%2C630&ssl=1","type":"image\/jpeg"}],"twitter_card":"summary_large_image","twitter_misc":{"Gesch\u00e4tzte Lesezeit":"1\u00a0Minute"},"schema":{"@context":"https:\/\/schema.org","@graph":[{"@type":"WebPage","@id":"https:\/\/espressopapa.de\/de\/uber-uns\/","url":"https:\/\/espressopapa.de\/de\/uber-uns\/","name":"Uber Uns - EspressoPap\u00e0 - Handwerklicher Kaffee | Hergestellt in Italien","isPartOf":{"@id":"https:\/\/espressopapa.de\/de\/#website"},"primaryImageOfPage":{"@id":"https:\/\/espressopapa.de\/de\/uber-uns\/#primaryimage"},"image":{"@id":"https:\/\/espressopapa.de\/de\/uber-uns\/#primaryimage"},"thumbnailUrl":"https:\/\/i0.wp.com\/espressopapa.de\/wp-content\/uploads\/2023\/03\/coffee-origin-01.jpg?fit=1200%2C800&ssl=1","datePublished":"2023-03-17T11:39:26+00:00","dateModified":"2023-04-14T08:42:23+00:00","description":"EspressoPap\u00e0 ist meine Vorstellung von Kaffeeerziehung. Ich habe f\u00fcr Sie meine Lieblingsmischungen ausgew\u00e4hlt, handger\u00f6stet nach Rezepten, die von 3 R\u00f6stern \u00fcberliefert wurden.","breadcrumb":{"@id":"https:\/\/espressopapa.de\/de\/uber-uns\/#breadcrumb"},"inLanguage":"de","potentialAction":[{"@type":"ReadAction","target":["https:\/\/espressopapa.de\/de\/uber-uns\/"]}]},{"@type":"ImageObject","inLanguage":"de","@id":"https:\/\/espressopapa.de\/de\/uber-uns\/#primaryimage","url":"https:\/\/i0.wp.com\/espressopapa.de\/wp-content\/uploads\/2023\/03\/coffee-origin-01.jpg?fit=1200%2C800&ssl=1","contentUrl":"https:\/\/i0.wp.com\/espressopapa.de\/wp-content\/uploads\/2023\/03\/coffee-origin-01.jpg?fit=1200%2C800&ssl=1","width":1200,"height":800},{"@type":"BreadcrumbList","@id":"https:\/\/espressopapa.de\/de\/uber-uns\/#breadcrumb","itemListElement":[{"@type":"ListItem","position":1,"name":"Home","item":"https:\/\/espressopapa.de\/de\/"},{"@type":"ListItem","position":2,"name":"Uber Uns"}]},{"@type":"WebSite","@id":"https:\/\/espressopapa.de\/de\/#website","url":"https:\/\/espressopapa.de\/de\/","name":"EspressoPap\u00e0","description":"Artisan Coffee | Made in Italy","publisher":{"@id":"https:\/\/espressopapa.de\/de\/#organization"},"potentialAction":[{"@type":"SearchAction","target":{"@type":"EntryPoint","urlTemplate":"https:\/\/espressopapa.de\/de\/?s={search_term_string}"},"query-input":{"@type":"PropertyValueSpecification","valueRequired":true,"valueName":"search_term_string"}}],"inLanguage":"de"},{"@type":"Organization","@id":"https:\/\/espressopapa.de\/de\/#organization","name":"EspressoPap\u00e0","url":"https:\/\/espressopapa.de\/de\/","logo":{"@type":"ImageObject","inLanguage":"de","@id":"https:\/\/espressopapa.de\/de\/#\/schema\/logo\/image\/","url":"https:\/\/espressopapa.de\/wp-content\/uploads\/2023\/03\/espressopapa-logo-bianco.svg","contentUrl":"https:\/\/espressopapa.de\/wp-content\/uploads\/2023\/03\/espressopapa-logo-bianco.svg","width":245,"height":338,"caption":"EspressoPap\u00e0"},"image":{"@id":"https:\/\/espressopapa.de\/de\/#\/schema\/logo\/image\/"}}]}},"jetpack_sharing_enabled":true,"_links":{"self":[{"href":"https:\/\/espressopapa.de\/de\/wp-json\/wp\/v2\/pages\/1859","targetHints":{"allow":["GET"]}}],"collection":[{"href":"https:\/\/espressopapa.de\/de\/wp-json\/wp\/v2\/pages"}],"about":[{"href":"https:\/\/espressopapa.de\/de\/wp-json\/wp\/v2\/types\/page"}],"author":[{"embeddable":true,"href":"https:\/\/espressopapa.de\/de\/wp-json\/wp\/v2\/users\/1"}],"replies":[{"embeddable":true,"href":"https:\/\/espressopapa.de\/de\/wp-json\/wp\/v2\/comments?post=1859"}],"version-history":[{"count":11,"href":"https:\/\/espressopapa.de\/de\/wp-json\/wp\/v2\/pages\/1859\/revisions"}],"predecessor-version":[{"id":2150,"href":"https:\/\/espressopapa.de\/de\/wp-json\/wp\/v2\/pages\/1859\/revisions\/2150"}],"wp:featuredmedia":[{"embeddable":true,"href":"https:\/\/espressopapa.de\/de\/wp-json\/wp\/v2\/media\/1819"}],"wp:attachment":[{"href":"https:\/\/espressopapa.de\/de\/wp-json\/wp\/v2\/media?parent=1859"}],"curies":[{"name":"wp","href":"https:\/\/api.w.org\/{rel}","templated":true}]}}